{"id":3555,"date":"2024-08-09T13:58:26","date_gmt":"2024-08-09T10:58:26","guid":{"rendered":"https:\/\/butemmetal.com\/?page_id=3555"},"modified":"2026-02-20T13:33:06","modified_gmt":"2026-02-20T10:33:06","slug":"iletisim","status":"publish","type":"page","link":"https:\/\/butemmetal.com\/en\/iletisim\/","title":{"rendered":"Contact Us"},"content":{"rendered":"<section id=\"g-ibnbl9g\" class=\"wp-block-gutentor-m4 section-g-ibnbl9g gutentor-module gutentor-advanced-columns has-color-bg has-custom-bg gutentor-equal-column-height\"><div class=\"grid-container\"><div class=\"grid-row\">\n<div id=\"col-g-x10xmzx\" class=\"wp-block-gutentor-m4-col col-g-x10xmzx gutentor-single-column  grid-lg-12 grid-md-12 grid-12 wow slideInUp\" data-wow-animation=\"slideInUp\"><div id=\"section-g-x10xmzx\" class=\"section-g-x10xmzx gutentor-col-wrap has-color-bg has-custom-bg\">\n<div id=\"section-g-ril0ehp\" class=\"wp-block-gutentor-e0 section-g-ril0ehp gutentor-element gutentor-element-advanced-text\"><div class=\"gutentor-text-wrap\"><h1 class=\"gutentor-text\">Contact Us for Your Metal Suspended Ceiling Solutions<\/h1><\/div><\/div>\n<\/div><\/div>\n<\/div><\/div><\/section>\n\n\n\n<section id=\"g-126ia21\" class=\"wp-block-gutentor-m4 section-g-126ia21 gutentor-module gutentor-advanced-columns\"><div class=\"grid-container\"><div class=\"grid-row\">\n<div id=\"col-g-o1171zx\" class=\"wp-block-gutentor-m4-col col-g-o1171zx gutentor-single-column  grid-lg-12 grid-md-12 grid-12\"><div id=\"section-g-o1171zx\" class=\"section-g-o1171zx gutentor-col-wrap\">\n<section id=\"g-i9i80j0\" class=\"wp-block-gutentor-m4 section-g-i9i80j0 gutentor-module gutentor-advanced-columns\"><div class=\"grid-container\"><div class=\"grid-row\">\n<div id=\"col-g-05606xa\" class=\"wp-block-gutentor-m4-col col-g-05606xa gutentor-single-column  grid-lg-12 grid-md-12 grid-12\"><div id=\"section-g-05606xa\" class=\"section-g-05606xa gutentor-col-wrap\">\n<section id=\"section-g-dpvhyso\" class=\"wp-block-gutentor-divider section-g-dpvhyso gutentor-element gutentor-section gutentor-divider text-center\"><div class=\"grid-container\"><div class=\"gutentor-divider-box\"><span><svg xmlns=\"http:\/\/www.w3.org\/2000\/svg\" viewbox=\"0 0 240 40\" preserveaspectratio=\"none\"><path d=\"M56.2 20c5.3-.1 10.6-.2 16-.3l16-.2c10.6-.1 21.3-.1 31.9-.2 10.6.1 21.3 0 31.9.1l16 .2c5.3.1 10.6.2 16 .3-5.3.1-10.6.2-16 .3l-16 .2c-10.6.1-21.3.1-31.9.1-10.6-.1-21.3 0-31.9-.2l-16-.2c-5.4.1-10.7 0-16-.1z\"><\/path><\/svg><\/span><\/div><\/div><\/section>\n<\/div><\/div>\n<\/div><\/div><\/section>\n<\/div><\/div>\n<\/div><\/div><\/section>\n\n\n\n<section id=\"g-amke4st\" class=\"wp-block-gutentor-m4 section-g-amke4st gutentor-module gutentor-advanced-columns\"><div class=\"grid-container\"><div class=\"grid-row\">\n<div id=\"col-g-jil26n4\" class=\"wp-block-gutentor-m4-col col-g-jil26n4 gutentor-single-column  grid-lg-12 grid-md-12 grid-12\"><div id=\"section-g-jil26n4\" class=\"section-g-jil26n4 gutentor-col-wrap\"><\/div><\/div>\n<\/div><\/div><\/section>\n\n\n\n<section id=\"g-xxyc3ks\" class=\"wp-block-gutentor-m4 section-g-xxyc3ks gutentor-module gutentor-advanced-columns\"><div class=\"grid-container\"><div class=\"grid-row\">\n<div id=\"col-g-wdn31w5\" class=\"wp-block-gutentor-m4-col col-g-wdn31w5 gutentor-single-column  grid-lg-12 grid-md-12 grid-12\"><div id=\"section-g-wdn31w5\" class=\"section-g-wdn31w5 gutentor-col-wrap\">\n<section id=\"g-ncpph15\" class=\"wp-block-gutentor-m4 section-g-ncpph15 gutentor-module gutentor-advanced-columns\"><div class=\"grid-container\"><div class=\"grid-row\">\n<div id=\"col-g-fudu414\" class=\"wp-block-gutentor-m4-col col-g-fudu414 gutentor-single-column  grid-lg-12 grid-md-12 grid-12\"><div id=\"section-g-fudu414\" class=\"section-g-fudu414 gutentor-col-wrap\">\n<ul class=\"wp-block-list\">\n<li>Are you looking for ceiling systems that combine aesthetics, durability, and functionality? At B\u00fctem Metal, we design custom solutions for your projects with our baffle&nbsp; <a href=\"https:\/\/butemmetal.com\/en\/metal-tavan-sistemlerimi\/\"><strong>metal suspended ceiling<\/strong><\/a> open-cell ceilings, and other metal ceiling products.<\/li>\n\n\n\n<li>Get in touch with us today to learn more about the most suitable metal suspended ceiling options for your project, request technical support, or ask for a price quote.<\/li>\n<\/ul>\n<\/div><\/div>\n<\/div><\/div><\/section>\n<\/div><\/div>\n<\/div><\/div><\/section>\n\n\n\n<div class=\"wp-block-columns is-layout-flex wp-container-core-columns-is-layout-9d6595d7 wp-block-columns-is-layout-flex\">\n<div class=\"wp-block-column is-layout-flow wp-block-column-is-layout-flow\" style=\"flex-basis:100%\">\n<section id=\"g-emwvo3w\" class=\"wp-block-gutentor-m4 section-g-emwvo3w gutentor-module gutentor-advanced-columns gutentor-equal-column-height\"><div class=\"grid-container\"><div class=\"grid-row\">\n<div id=\"col-g-1fr1xis\" class=\"wp-block-gutentor-m4-col col-g-1fr1xis gutentor-single-column  grid-lg-12 grid-md-12 grid-12\"><div id=\"section-g-1fr1xis\" class=\"section-g-1fr1xis gutentor-col-wrap\">\n<section id=\"g-9wfbt6v\" class=\"wp-block-gutentor-m4 section-g-9wfbt6v gutentor-module gutentor-advanced-columns\"><div class=\"grid-container\"><div class=\"grid-row\">\n<div id=\"col-g-82slze2\" class=\"wp-block-gutentor-m4-col col-g-82slze2 gutentor-single-column  grid-lg-12 grid-md-12 grid-12\"><div id=\"section-g-82slze2\" class=\"section-g-82slze2 gutentor-col-wrap\">\n<div id=\"section-g-bhn2shn\" class=\"wp-block-gutentor-e0 section-g-bhn2shn gutentor-element gutentor-element-advanced-text\"><div class=\"gutentor-text-wrap\"><p class=\"gutentor-text\">Address<\/p><\/div><\/div>\n\n\n\n<div id=\"section-g-83zlq4d\" class=\"wp-block-gutentor-e0 section-g-83zlq4d gutentor-element gutentor-element-advanced-text\"><div class=\"gutentor-text-wrap\"><p class=\"gutentor-text\"><a href=\"https:\/\/maps.app.goo.gl\/4Y592exdNAYKeHrNA\" target=\"_blank\" rel=\"noopener\" title=\"Osmangazi Mah. Ziya G\u00f6kalp Cad. No:10, 34522 Esenyurt\u0130STANBUL - T\u00dcRK\u0130YE\">Osmangazi Mah. Ziya G\u00f6kalp Cad. No:10, 34522 Esenyurt<br>\u0130STANBUL &#8211; T\u00dcRK\u0130YE<\/a><\/p><\/div><\/div>\n<\/div><\/div>\n<\/div><\/div><\/section>\n\n\n\n<section id=\"g-xurptfs\" class=\"wp-block-gutentor-m4 section-g-xurptfs gutentor-module gutentor-advanced-columns\"><div class=\"grid-container\"><div class=\"grid-row\">\n<div id=\"col-g-b0k71bk\" class=\"wp-block-gutentor-m4-col col-g-b0k71bk gutentor-single-column  grid-lg-4 grid-md-12 grid-12\"><div id=\"section-g-b0k71bk\" class=\"section-g-b0k71bk gutentor-col-wrap\">\n<div id=\"section-g-t5yg522\" class=\"wp-block-gutentor-e0 section-g-t5yg522 gutentor-element gutentor-element-advanced-text\"><div class=\"gutentor-text-wrap\"><p class=\"gutentor-text\">Telephone<\/p><\/div><\/div>\n\n\n\n<div id=\"section-g-au1oxxo\" class=\"wp-block-gutentor-e0 section-g-au1oxxo gutentor-element gutentor-element-advanced-text\"><div class=\"gutentor-text-wrap\"><p class=\"gutentor-text\"><a href=\"tel: 902128863300\" title=\"+90 (212) 886 33 00\">+90 (212) 886 33 00<\/a><\/p><\/div><\/div>\n<\/div><\/div>\n\n\n\n<div id=\"col-g-mdeq1qc\" class=\"wp-block-gutentor-m4-col col-g-mdeq1qc gutentor-single-column  grid-lg-4 grid-md-12 grid-12\"><div id=\"section-g-mdeq1qc\" class=\"section-g-mdeq1qc gutentor-col-wrap\">\n<div id=\"section-g-ww1ebac\" class=\"wp-block-gutentor-e0 section-g-ww1ebac gutentor-element gutentor-element-advanced-text\"><div class=\"gutentor-text-wrap\"><p class=\"gutentor-text\">Fax<\/p><\/div><\/div>\n\n\n\n<div id=\"section-g-4bo7f7f\" class=\"wp-block-gutentor-e0 section-g-4bo7f7f gutentor-element gutentor-element-advanced-text\"><div class=\"gutentor-text-wrap\"><p class=\"gutentor-text\">+90 (212) 886 33 10 \/ 11<\/p><\/div><\/div>\n<\/div><\/div>\n\n\n\n<div id=\"col-g-mi7zd17\" class=\"wp-block-gutentor-m4-col col-g-mi7zd17 gutentor-single-column  grid-lg-4 grid-md-12 grid-12\"><div id=\"section-g-mi7zd17\" class=\"section-g-mi7zd17 gutentor-col-wrap\">\n<div id=\"section-g-17f40mi\" class=\"wp-block-gutentor-e0 section-g-17f40mi gutentor-element gutentor-element-advanced-text\"><div class=\"gutentor-text-wrap\"><p class=\"gutentor-text\">E-Mail<\/p><\/div><\/div>\n\n\n\n<div id=\"section-g-3tw368u\" class=\"wp-block-gutentor-e0 section-g-3tw368u gutentor-element gutentor-element-advanced-text\"><div class=\"gutentor-text-wrap\"><p class=\"gutentor-text\"><a href=\"mailto:info@butemmetal.com.tr\" title=\"info@butemmetal.com.tr\u200b\">info@butemmetal.com.tr\u200b<\/a><\/p><\/div><\/div>\n<\/div><\/div>\n<\/div><\/div><\/section>\n<\/div><\/div>\n<\/div><\/div><\/section>\n<\/div>\n<\/div>\n\n\n\n<section id=\"gmeb4993d\" class=\"wp-block-gutentor-m4 section-gmeb4993d gutentor-module gutentor-advanced-columns\"><div class=\"grid-container\"><div class=\"grid-row\">\n<div id=\"col-gmf44a00\" class=\"wp-block-gutentor-m4-col col-gmf44a00 gutentor-single-column  grid-lg-8 grid-md-12 grid-12\"><div id=\"section-gmf44a00\" class=\"section-gmf44a00 gutentor-col-wrap\">\n<div id=\"section-g-81wzul1\" class=\"wp-block-gutentor-e0 section-g-81wzul1 gutentor-element gutentor-element-advanced-text\"><div class=\"gutentor-text-wrap\"><p class=\"gutentor-text\">Contact B\u00fctem Metal<\/p><\/div><\/div>\n\n\n\n<div id=\"section-g-xlikx9m\" class=\"wp-block-gutentor-e0 section-g-xlikx9m gutentor-element gutentor-element-advanced-text\"><div class=\"gutentor-text-wrap\"><p class=\"gutentor-text\">About our products, projects and brands <br>you can send us your questions.<\/p><\/div><\/div>\n\n\n\n\n<div class=\"wpcf7 no-js\" id=\"wpcf7-f6-o1\" lang=\"tr-TR\" dir=\"ltr\">\n<div class=\"screen-reader-response\"><p role=\"status\" aria-live=\"polite\" aria-atomic=\"true\"><\/p> <ul><\/ul><\/div>\n<form action=\"\/en\/wp-json\/wp\/v2\/pages\/3555#wpcf7-f6-o1\" method=\"post\" class=\"wpcf7-form init\" aria-label=\"Contact form\" novalidate=\"novalidate\" data-status=\"init\" data-trp-original-action=\"\/en\/wp-json\/wp\/v2\/pages\/3555#wpcf7-f6-o1\">\n<div style=\"display: none;\">\n<input type=\"hidden\" name=\"_wpcf7\" value=\"6\" \/>\n<input type=\"hidden\" name=\"_wpcf7_version\" value=\"5.8.3\" \/>\n<input type=\"hidden\" name=\"_wpcf7_locale\" value=\"tr_TR\" \/>\n<input type=\"hidden\" name=\"_wpcf7_unit_tag\" value=\"wpcf7-f6-o1\" \/>\n<input type=\"hidden\" name=\"_wpcf7_container_post\" value=\"0\" \/>\n<input type=\"hidden\" name=\"_wpcf7_posted_data_hash\" value=\"\" \/>\n<input type=\"hidden\" name=\"_wpcf7_recaptcha_response\" value=\"\" \/>\n<\/div>\n<p><label> Your name<br \/>\n<span class=\"wpcf7-form-control-wrap\" data-name=\"your-name\"><input size=\"40\" class=\"wpcf7-form-control wpcf7-text wpcf7-validates-as-required\" autocomplete=\"name\" aria-required=\"true\" aria-invalid=\"false\" value=\"\" type=\"text\" name=\"your-name\" \/><\/span> <\/label>\n<\/p>\n<p><label> Your email address<br \/>\n<span class=\"wpcf7-form-control-wrap\" data-name=\"your-email\"><input size=\"40\" class=\"wpcf7-form-control wpcf7-email wpcf7-validates-as-required wpcf7-text wpcf7-validates-as-email\" autocomplete=\"email\" aria-required=\"true\" aria-invalid=\"false\" value=\"\" type=\"email\" name=\"your-email\" \/><\/span> <\/label>\n<\/p>\n<p><label> Subject<br \/>\n<span class=\"wpcf7-form-control-wrap\" data-name=\"your-subject\"><input size=\"40\" class=\"wpcf7-form-control wpcf7-text wpcf7-validates-as-required\" aria-required=\"true\" aria-invalid=\"false\" value=\"\" type=\"text\" name=\"your-subject\" \/><\/span> <\/label>\n<\/p>\n<p><label> Your message (Optional)<br \/>\n<span class=\"wpcf7-form-control-wrap\" data-name=\"your-message\"><textarea cols=\"40\" rows=\"10\" class=\"wpcf7-form-control wpcf7-textarea\" aria-invalid=\"false\" name=\"your-message\"><\/textarea><\/span> <\/label>\n<\/p>\n<p><input class=\"wpcf7-form-control wpcf7-submit has-spinner\" type=\"submit\" value=\"Send\" \/>\n<\/p><div class=\"wpcf7-response-output\" aria-hidden=\"true\"><\/div>\n<input type=\"hidden\" name=\"trp-form-language\" value=\"en\"\/><\/form>\n<\/div>\n\n<\/div><\/div>\n\n\n\n<div id=\"col-gm7d6cc3\" class=\"wp-block-gutentor-m4-col col-gm7d6cc3 gutentor-single-column  grid-lg-4 grid-md-12 grid-12\"><div id=\"section-gm7d6cc3\" class=\"section-gm7d6cc3 gutentor-col-wrap\">\n<section id=\"g-oi31e3y\" class=\"wp-block-gutentor-m4 section-g-oi31e3y gutentor-module gutentor-advanced-columns gutentor-equal-column-height\"><div class=\"grid-container\"><div class=\"grid-row\">\n<div id=\"col-g-qqriqsj\" class=\"wp-block-gutentor-m4-col col-g-qqriqsj gutentor-single-column  grid-lg-12 grid-md-12 grid-12\"><div id=\"section-g-qqriqsj\" class=\"section-g-qqriqsj gutentor-col-wrap\">\n<iframe src=\"https:\/\/www.google.com\/maps\/embed?pb=!1m14!1m8!1m3!1d1504.5074328223325!2d28.640288!3d41.046804!3m2!1i1024!2i768!4f13.1!3m3!1m2!1s0x14cab015783bd317%3A0x8e3a7977a9dc5abd!2sB%C3%BCtem%20Metal%20Form%20A.%C5%9E.!5e0!3m2!1str!2str!4v1724244581251!5m2!1str!2str\" width=\"100%\" height=\"480\" style=\"border:0\" allowfullscreen=\"\" loading=\"lazy\" referrerpolicy=\"no-referrer-when-downgrade\"><\/iframe>\n<\/div><\/div>\n<\/div><\/div><\/section>\n<\/div><\/div>\n<\/div><\/div><\/section>\n\n\n\n<section id=\"g-chae5no\" class=\"wp-block-gutentor-m4 section-g-chae5no gutentor-module gutentor-advanced-columns has-gutentor-overlay gutentor-equal-column-height\"><div class=\"grid-container\"><div class=\"grid-row\">\n<div id=\"col-g-pzps1xz\" class=\"wp-block-gutentor-m4-col col-g-pzps1xz gutentor-single-column  grid-lg-12 grid-md-12 grid-12\"><div id=\"section-g-pzps1xz\" class=\"section-g-pzps1xz gutentor-col-wrap\"><\/div><\/div>\n<\/div><\/div><\/section>","protected":false},"excerpt":{"rendered":"","protected":false},"author":1,"featured_media":0,"parent":0,"menu_order":0,"comment_status":"closed","ping_status":"closed","template":"template-gutentor-full-width.php","meta":{"_joinchat":[],"footnotes":""},"class_list":["post-3555","page","type-page","status-publish","hentry"],"aioseo_notices":[],"_links":{"self":[{"href":"https:\/\/butemmetal.com\/en\/wp-json\/wp\/v2\/pages\/3555","targetHints":{"allow":["GET"]}}],"collection":[{"href":"https:\/\/butemmetal.com\/en\/wp-json\/wp\/v2\/pages"}],"about":[{"href":"https:\/\/butemmetal.com\/en\/wp-json\/wp\/v2\/types\/page"}],"author":[{"embeddable":true,"href":"https:\/\/butemmetal.com\/en\/wp-json\/wp\/v2\/users\/1"}],"replies":[{"embeddable":true,"href":"https:\/\/butemmetal.com\/en\/wp-json\/wp\/v2\/comments?post=3555"}],"version-history":[{"count":190,"href":"https:\/\/butemmetal.com\/en\/wp-json\/wp\/v2\/pages\/3555\/revisions"}],"predecessor-version":[{"id":8180,"href":"https:\/\/butemmetal.com\/en\/wp-json\/wp\/v2\/pages\/3555\/revisions\/8180"}],"wp:attachment":[{"href":"https:\/\/butemmetal.com\/en\/wp-json\/wp\/v2\/media?parent=3555"}],"curies":[{"name":"wp","href":"https:\/\/api.w.org\/{rel}","templated":true}]}}