{"id":3835,"date":"2024-08-12T15:02:20","date_gmt":"2024-08-12T12:02:20","guid":{"rendered":"https:\/\/butemmetal.com\/?page_id=3835"},"modified":"2026-02-05T15:08:31","modified_gmt":"2026-02-05T12:08:31","slug":"projelerimiz","status":"publish","type":"page","link":"https:\/\/butemmetal.com\/en\/projelerimiz\/","title":{"rendered":"Projects"},"content":{"rendered":"<section id=\"g-ibnbl9g\" class=\"wp-block-gutentor-m4 section-g-ibnbl9g gutentor-module gutentor-advanced-columns has-color-bg has-custom-bg gutentor-equal-column-height\"><div class=\"grid-container\"><div class=\"grid-row\">\n<div id=\"col-g-x10xmzx\" class=\"wp-block-gutentor-m4-col col-g-x10xmzx gutentor-single-column  grid-lg-6 grid-md-12 grid-6 wow slideInUp\" data-wow-animation=\"slideInUp\"><div id=\"section-g-x10xmzx\" class=\"section-g-x10xmzx gutentor-col-wrap has-color-bg has-custom-bg\">\n<div id=\"section-g-ril0ehp\" class=\"wp-block-gutentor-e0 section-g-ril0ehp gutentor-element gutentor-element-advanced-text\"><div class=\"gutentor-text-wrap\"><h1 class=\"gutentor-text\">B\u00fctem Metal Projects<\/h1><\/div><\/div>\n<\/div><\/div>\n\n\n\n<div id=\"col-g-x21irw1\" class=\"wp-block-gutentor-m4-col col-g-x21irw1 gutentor-single-column  grid-lg-6 grid-md-12 grid-6\"><div id=\"section-g-x21irw1\" class=\"section-g-x21irw1 gutentor-col-wrap\"><\/div><\/div>\n<\/div><\/div><\/section>\n\n\n\n<section id=\"g-pjdvmel\" class=\"wp-block-gutentor-m4 section-g-pjdvmel gutentor-module gutentor-advanced-columns\"><div class=\"grid-container\"><div class=\"grid-row\">\n<div id=\"col-g-klhbf0m\" class=\"wp-block-gutentor-m4-col col-g-klhbf0m gutentor-single-column  grid-lg-12 grid-md-12 grid-12\"><div id=\"section-g-klhbf0m\" class=\"section-g-klhbf0m gutentor-col-wrap\"><div class=\"wp-block-ultimate-post-post-grid-1 ultp-block-29af7f\"><div class=\"ultp-block-wrapper\"><div class=\"ultp-loading\"><div class=\"ultp-loading-blocks\" style=\"width:100%;height:100%\"><div style=\"left: 0;top: 0\"><\/div><div style=\"left: 21px;top: 0\"><\/div><div style=\"left: 42px;top: 0\"><\/div><div style=\"left: 0;top: 21px\"><\/div><div style=\"left: 42px;top: 21px\"><\/div><div style=\"left: 0;top: 42px\"><\/div><div style=\"left: 42px;top: 42px\"><\/div><div style=\"left: 21px;top: 42px\"><\/div><\/div><\/div><div class=\"ultp-heading-filter\"><div class=\"ultp-heading-filter-in\"><div class=\"ultp-filter-navigation\"><\/div><\/div><\/div><div class=\"ultp-block-items-wrap ultp-block-row ultp-pg1a-style1 ultp-block-column-3 ultp-layout1\"><div class=\"ultp-block-item post-id-6327\"><div class=\"ultp-block-content-wrap\"><div class=\"ultp-block-image ultp-block-image-zoomIn\"><a href=\"https:\/\/butemmetal.com\/en\/referans\/yapikredi\/\"><img decoding=\"async\" alt=\"Yap\u0131Kredi Bankas\u0131 \u015eubeleri\" src=\"https:\/\/butemmetal.com\/wp-content\/uploads\/2026\/01\/IMG-20241031-WA0073-1-870x570.jpg\" \/><\/a><\/div><div class=\"ultp-block-content\"><h3 class=\"ultp-block-title\"><a href=\"https:\/\/butemmetal.com\/en\/referans\/yapikredi\/\">Yap\u0131Kredi Bank Branches<\/a><\/h3><\/div><\/div><\/div><div class=\"ultp-block-item post-id-6160\"><div class=\"ultp-block-content-wrap\"><div class=\"ultp-block-image ultp-block-image-zoomIn\"><a href=\"https:\/\/butemmetal.com\/en\/referans\/umit-bisiklet\/\"><img decoding=\"async\" alt=\"\u00dcmit Bisiklet\" src=\"https:\/\/butemmetal.com\/wp-content\/uploads\/2024\/10\/Umit-Bisiklet-5-870x570.jpg\" \/><\/a><\/div><div class=\"ultp-block-content\"><h3 class=\"ultp-block-title\"><a href=\"https:\/\/butemmetal.com\/en\/referans\/umit-bisiklet\/\">\u00dcmit Bicycle<\/a><\/h3><\/div><\/div><\/div><div class=\"ultp-block-item post-id-6205\"><div class=\"ultp-block-content-wrap\"><div class=\"ultp-block-image ultp-block-image-zoomIn\"><a href=\"https:\/\/butemmetal.com\/en\/referans\/socar\/\"><img decoding=\"async\" alt=\"Socar Genel M\u00fcd\u00fcrl\u00fck\" src=\"https:\/\/butemmetal.com\/wp-content\/uploads\/2024\/10\/scr01_5653b-870x570.jpg\" \/><\/a><\/div><div class=\"ultp-block-content\"><h3 class=\"ultp-block-title\"><a href=\"https:\/\/butemmetal.com\/en\/referans\/socar\/\">Socar Headquarters<\/a><\/h3><\/div><\/div><\/div><div class=\"ultp-block-item post-id-7911\"><div class=\"ultp-block-content-wrap\"><div class=\"ultp-block-image ultp-block-image-zoomIn\"><a href=\"https:\/\/butemmetal.com\/en\/referans\/sabiha-gokcen-havalimani\/\"><img decoding=\"async\" alt=\"Sabiha G\u00f6k\u00e7en Havaliman\u0131\" src=\"https:\/\/butemmetal.com\/wp-content\/uploads\/2026\/02\/Sabihagokcen-1-2-870x570.webp\" \/><\/a><\/div><div class=\"ultp-block-content\"><h3 class=\"ultp-block-title\"><a href=\"https:\/\/butemmetal.com\/en\/referans\/sabiha-gokcen-havalimani\/\">Sabiha G\u00f6k\u00e7en Airport<\/a><\/h3><\/div><\/div><\/div><div class=\"ultp-block-item post-id-7933\"><div class=\"ultp-block-content-wrap\"><div class=\"ultp-block-image ultp-block-image-zoomIn\"><a href=\"https:\/\/butemmetal.com\/en\/referans\/riyad-havalimani\/\"><img decoding=\"async\" alt=\"Riyad Havaliman\u0131\" src=\"https:\/\/butemmetal.com\/wp-content\/uploads\/2026\/02\/DSC_0018-1-1-870x570.webp\" \/><\/a><\/div><div class=\"ultp-block-content\"><h3 class=\"ultp-block-title\"><a href=\"https:\/\/butemmetal.com\/en\/referans\/riyad-havalimani\/\">Riyad Airport<\/a><\/h3><\/div><\/div><\/div><div class=\"ultp-block-item post-id-6140\"><div class=\"ultp-block-content-wrap\"><div class=\"ultp-block-image ultp-block-image-zoomIn\"><a href=\"https:\/\/butemmetal.com\/en\/referans\/optimum-avm\/\"><img decoding=\"async\" alt=\"Optimum Avm\" src=\"https:\/\/butemmetal.com\/wp-content\/uploads\/2024\/10\/NES_1367-870x570.jpg\" \/><\/a><\/div><div class=\"ultp-block-content\"><h3 class=\"ultp-block-title\"><a href=\"https:\/\/butemmetal.com\/en\/referans\/optimum-avm\/\">Optimum Mall<\/a><\/h3><\/div><\/div><\/div><div class=\"ultp-block-item post-id-6216\"><div class=\"ultp-block-content-wrap\"><div class=\"ultp-block-image ultp-block-image-zoomIn\"><a href=\"https:\/\/butemmetal.com\/en\/referans\/nurol-tower\/\"><img decoding=\"async\" alt=\"Clip-in Koridor Metal Asma Tavan Sistemi -Nurol Tower\" src=\"https:\/\/butemmetal.com\/wp-content\/uploads\/2024\/10\/20160506_110634-870x570.jpg\" \/><\/a><\/div><div class=\"ultp-block-content\"><h3 class=\"ultp-block-title\"><a href=\"https:\/\/butemmetal.com\/en\/referans\/nurol-tower\/\">Nurol Tower<\/a><\/h3><\/div><\/div><\/div><div class=\"ultp-block-item post-id-5990\"><div class=\"ultp-block-content-wrap\"><div class=\"ultp-block-image ultp-block-image-zoomIn\"><a href=\"https:\/\/butemmetal.com\/en\/referans\/diori-hamani-havalimani\/\"><img decoding=\"async\" alt=\"Nijer Diori Hamani Havaliman\u0131\" src=\"https:\/\/butemmetal.com\/wp-content\/uploads\/2024\/10\/emredorter_summa_niger_airport_draft_rino8686_15032-870x570.jpg\" \/><\/a><\/div><div class=\"ultp-block-content\"><h3 class=\"ultp-block-title\"><a href=\"https:\/\/butemmetal.com\/en\/referans\/diori-hamani-havalimani\/\">Niger Diori Hamani Airport<\/a><\/h3><\/div><\/div><\/div><div class=\"ultp-block-item post-id-6226\"><div class=\"ultp-block-content-wrap\"><div class=\"ultp-block-image ultp-block-image-zoomIn\"><a href=\"https:\/\/butemmetal.com\/en\/referans\/nef\/\"><img decoding=\"async\" alt=\"Nef\" src=\"https:\/\/butemmetal.com\/wp-content\/uploads\/2024\/10\/NES_0988-870x570.jpg\" \/><\/a><\/div><div class=\"ultp-block-content\"><h3 class=\"ultp-block-title\"><a href=\"https:\/\/butemmetal.com\/en\/referans\/nef\/\">Nef<\/a><\/h3><\/div><\/div><\/div><div class=\"ultp-block-item post-id-6148\"><div class=\"ultp-block-content-wrap\"><div class=\"ultp-block-image ultp-block-image-zoomIn\"><a href=\"https:\/\/butemmetal.com\/en\/referans\/mercedes-vadipark\/\"><img decoding=\"async\" alt=\"Mercedes Vadipark Showroom\" src=\"https:\/\/butemmetal.com\/wp-content\/uploads\/2024\/10\/vdp35_6809b-870x570.jpg\" \/><\/a><\/div><div class=\"ultp-block-content\"><h3 class=\"ultp-block-title\"><a href=\"https:\/\/butemmetal.com\/en\/referans\/mercedes-vadipark\/\">Mercedes Vadipark Showroom<\/a><\/h3><\/div><\/div><\/div><div class=\"ultp-block-item post-id-6124\"><div class=\"ultp-block-content-wrap\"><div class=\"ultp-block-image ultp-block-image-zoomIn\"><a href=\"https:\/\/butemmetal.com\/en\/referans\/medicana-kiziltoprak\/\"><img decoding=\"async\" alt=\"Medicana K\u0131z\u0131ltoprak Hastanesi\" src=\"https:\/\/butemmetal.com\/wp-content\/uploads\/2024\/10\/NES_1452-870x570.jpg\" \/><\/a><\/div><div class=\"ultp-block-content\"><h3 class=\"ultp-block-title\"><a href=\"https:\/\/butemmetal.com\/en\/referans\/medicana-kiziltoprak\/\">Medicana K\u0131z\u0131ltoprak Hospital<\/a><\/h3><\/div><\/div><\/div><div class=\"ultp-block-item post-id-6782\"><div class=\"ultp-block-content-wrap\"><div class=\"ultp-block-image ultp-block-image-zoomIn\"><a href=\"https:\/\/butemmetal.com\/en\/referans\/maslak-agaoglu-camii\/\"><img decoding=\"async\" alt=\"Maslak A\u011fao\u011flu Camii\" src=\"https:\/\/butemmetal.com\/wp-content\/uploads\/2024\/12\/001-3-870x570.jpg\" \/><\/a><\/div><div class=\"ultp-block-content\"><h3 class=\"ultp-block-title\"><a href=\"https:\/\/butemmetal.com\/en\/referans\/maslak-agaoglu-camii\/\">Maslak A\u011fao\u011flu Mosque<\/a><\/h3><\/div><\/div><\/div><div class=\"ultp-block-item post-id-6235\"><div class=\"ultp-block-content-wrap\"><div class=\"ultp-block-image ultp-block-image-zoomIn\"><a href=\"https:\/\/butemmetal.com\/en\/referans\/mars-lojistik\/\"><img decoding=\"async\" alt=\"Mars Lojistik Genel M\u00fcd. Ofis\" src=\"https:\/\/butemmetal.com\/wp-content\/uploads\/2024\/10\/mrs41_2748b-870x570.jpg\" \/><\/a><\/div><div class=\"ultp-block-content\"><h3 class=\"ultp-block-title\"><a href=\"https:\/\/butemmetal.com\/en\/referans\/mars-lojistik\/\">Mars Logistics General Management Office<\/a><\/h3><\/div><\/div><\/div><div class=\"ultp-block-item post-id-6735\"><div class=\"ultp-block-content-wrap\"><div class=\"ultp-block-image ultp-block-image-zoomIn\"><a href=\"https:\/\/butemmetal.com\/en\/referans\/m4\/\"><img decoding=\"async\" alt=\"M4 Sabiha G\u00f6k\u00e7en-Kurtk\u00f6y- Yayalar &#8211; Fevzi \u00c7akmak Metro \u0130stasyonlar\u0131\" src=\"https:\/\/butemmetal.com\/wp-content\/uploads\/2024\/12\/005-1-870x570.jpg\" \/><\/a><\/div><div class=\"ultp-block-content\"><h3 class=\"ultp-block-title\"><a href=\"https:\/\/butemmetal.com\/en\/referans\/m4\/\">M4 Sabiha G\u00f6k\u00e7en-Kurtk\u00f6y- Yayalar \u2013 Fevzi \u00c7akmak Metro Station<\/a><\/h3><\/div><\/div><\/div><div class=\"ultp-block-item post-id-6773\"><div class=\"ultp-block-content-wrap\"><div class=\"ultp-block-image ultp-block-image-zoomIn\"><a href=\"https:\/\/butemmetal.com\/en\/referans\/m11\/\"><img decoding=\"async\" alt=\"M-11 Gayrettepe &#8211; Ka\u011f\u0131thane &#8211; \u0130ST. Havaliman\u0131 Metro Hatt\u0131\" src=\"https:\/\/butemmetal.com\/wp-content\/uploads\/2024\/12\/002-2-870x570.jpg\" \/><\/a><\/div><div class=\"ultp-block-content\"><h3 class=\"ultp-block-title\"><a href=\"https:\/\/butemmetal.com\/en\/referans\/m11\/\">M-11 Gayrettepe &#8211; Ka\u011f\u0131thane &#8211; \u0130ST. Havaliman\u0131 Metro Hatt\u0131<\/a><\/h3><\/div><\/div><\/div><div class=\"ultp-block-item post-id-6242\"><div class=\"ultp-block-content-wrap\"><div class=\"ultp-block-image ultp-block-image-zoomIn\"><a href=\"https:\/\/butemmetal.com\/en\/referans\/kale-kilit\/\"><img decoding=\"async\" alt=\"Kale Kilit Genel M\u00fcd\u00fcrl\u00fck\" src=\"https:\/\/butemmetal.com\/wp-content\/uploads\/2024\/10\/klk09_0413b-870x570.jpg\" \/><\/a><\/div><div class=\"ultp-block-content\"><h3 class=\"ultp-block-title\"><a href=\"https:\/\/butemmetal.com\/en\/referans\/kale-kilit\/\">Kale Kilit Head Office<\/a><\/h3><\/div><\/div><\/div><\/div><div class=\"ultp-pagination-wrap ultp-pagination-ajax-action\" data-paged=\"1\" data-expost=\"\" data-blockid=\"29af7f\" data-postid=\"3835\" data-pages=\"3\" data-blockname=\"ultimate-post_post-grid-1\" data-selfpostid=\"yes\"><ul class=\"ultp-pagination\"><li class=\"ultp-prev-page-numbers\"><a href=\"https:\/\/butemmetal.com\/en\/wp-json\/wp\/v2\/pages\/3835\/\"><svg enable-background=\"new 0 0 477.175 477.175\" version=\"1.1\" viewbox=\"0 0 477.18 477.18\"><path d=\"m145.19 238.58 215.5-215.5c5.3-5.3 5.3-13.8 0-19.1s-13.8-5.3-19.1 0l-225.1 225.1c-5.3 5.3-5.3 13.8 0 19.1l225.1 225c2.6 2.6 6.1 4 9.5 4s6.9-1.3 9.5-4c5.3-5.3 5.3-13.8 0-19.1l-215.4-215.5z\"><\/path><\/svg> Former<\/a><\/li><li class=\"ultp-center-item pagination-active\" data-current=\"1\"><a href=\"https:\/\/butemmetal.com\/en\/wp-json\/wp\/v2\/pages\/3835\/\">1<\/a><\/li><li class=\"ultp-center-item\" data-current=\"2\"><a href=\"https:\/\/butemmetal.com\/en\/wp-json\/wp\/v2\/pages\/3835\/page\/2\/\">2<\/a><\/li><li class=\"ultp-center-item\" data-current=\"3\"><a href=\"https:\/\/butemmetal.com\/en\/wp-json\/wp\/v2\/pages\/3835\/page\/3\/\">3<\/a><\/li><li class=\"ultp-next-page-numbers\"><a href=\"https:\/\/butemmetal.com\/en\/wp-json\/wp\/v2\/pages\/3835\/page\/2\/\">Next<svg enable-background=\"new 0 0 477.175 477.175\" version=\"1.1\" viewbox=\"0 0 477.18 477.18\"><path d=\"m360.73 229.08-225.1-225.1c-5.3-5.3-13.8-5.3-19.1 0s-5.3 13.8 0 19.1l215.5 215.5-215.5 215.5c-5.3 5.3-5.3 13.8 0 19.1 2.6 2.6 6.1 4 9.5 4s6.9-1.3 9.5-4l225.1-225.1c5.3-5.2 5.3-13.8 0.1-19z\"><\/path><\/svg><\/a><\/li><\/ul><\/div><\/div><\/div><\/div><\/div>\n<\/div><\/div><\/section>\n\n\n\n<h2 class=\"wp-block-heading\">Renew Your Spaces with Metal Ceiling Systems<\/h2>\n\n\n\n<p>Since 1980, B\u00dcTEM Inc. has been providing innovative solutions in the field of metal ceiling systems, bringing projects to life with a boutique and detail-oriented approach. Embracing the technological methods required by the industrial era, our company has proven its success in both domestic and international projects. Our solutions are designed to make spaces modern and functional, combining aesthetics and quality.<\/p>\n\n\n\n<h2 class=\"wp-block-heading\">Why Are Metal Suspended Ceiling Systems Preferred?<\/h2>\n\n\n\n<p><a href=\"https:\/\/butemmetal.com\/en\/metal-tavan-sistemlerimi\/\"><strong>Metal suspended ceiling<\/strong><\/a> systems stand out by offering aesthetics and functionality together. These systems transform interior design in both office and commercial spaces. Metal suspended ceiling solutions produced with the expertise of B\u00dcTEM Inc. provide durability and long-lasting performance.<\/p>\n\n\n\n<ul class=\"wp-block-list\">\n<li>Easy installation and maintenance<\/li>\n\n\n\n<li>High fire and moisture resistance<\/li>\n\n\n\n<li>Wide range of colors and design options<br><\/li>\n<\/ul>\n\n\n\n<h3 class=\"wp-block-heading\">Where Are Metal Suspended Ceiling Systems Used?<\/h3>\n\n\n\n<p>Metal suspended ceiling systems are frequently preferred in offices, shopping malls, corridors, and industrial areas.<\/p>\n\n\n\n<h2 class=\"wp-block-heading\">Fast and Aesthetic Solutions with Clip-In Suspended Ceilings<\/h2>\n\n\n\n<p>For users seeking aesthetics and functionality in their spaces <a href=\"https:\/\/butemmetal.com\/en\/hakkimizda\/\"><strong>Expanded metal<\/strong><\/a> Within these solutions, Clip-In suspended ceiling and Clip-In corridor systems offer ideal options. Thanks to their easy installation, projects are completed quickly and spaces can be put into use with minimal time loss, allowing full benefit from the advantages of metal ceilings.<\/p>\n\n\n\n<ul class=\"wp-block-list\">\n<li>Flexible use with modular structure<\/li>\n\n\n\n<li>Easy cleaning and maintenance<\/li>\n\n\n\n<li>Long-lasting performance with durable materials<br><\/li>\n<\/ul>\n\n\n\n<h3 class=\"wp-block-heading\">Are Clip-In Ceiling Systems Portable?<\/h3>\n\n\n\n<p>Yes, thanks to its modular structure, it can be dismantled and reinstalled when needed.<\/p>\n\n\n\n<h2 class=\"wp-block-heading\">Modern Design with Opencell Suspended Ceilings<\/h2>\n\n\n\n<p>Opencell ceiling and Opencell suspended ceiling systems give spaces a modern and eye-catching appearance. Their ability to offer aesthetic solutions makes these systems a preferred choice. Users especially prefer Opencell ceilings in harmony with metal suspended ceiling systems in large areas.<\/p>\n\n\n\n<ul class=\"wp-block-list\">\n<li>Different material and color options<\/li>\n\n\n\n<li>Aesthetic appearance and stylish design<br><\/li>\n<\/ul>\n\n\n\n<h3 class=\"wp-block-heading\">Which Materials Are Honeycomb Suspended Ceilings Made From?<\/h3>\n\n\n\n<p>Opencell suspended ceilings can be produced using aluminum, steel, and specially coated metal materials.<\/p>\n\n\n\n<h2 class=\"wp-block-heading\">Acoustic and Aesthetic Solutions with Baffle Ceiling Systems<\/h2>\n\n\n\n<p>For those who want their spaces to be both aesthetic and functional, baffle ceiling and baffle suspended ceiling systems reflect a modern design approach. They are especially preferred in offices, restaurants, and conference halls to provide sound insulation and visual harmony. Thanks to their compatibility with metal ceiling systems, spaces become both stylish and functional.<\/p>\n\n\n\n<ul class=\"wp-block-list\">\n<li>Structure that enhances acoustic performance<\/li>\n\n\n\n<li>High durability and long-lasting use<\/li>\n\n\n\n<li>Modern design and aesthetic appearance<\/li>\n<\/ul>\n\n\n\n<h3 class=\"wp-block-heading\">Where Are Baffle Suspended Ceiling Systems Used?<\/h3>\n\n\n\n<p>Baffle suspended ceiling systems are widely used in offices, restaurants, conference halls, and public spaces.<\/p>\n\n\n\n<h2 class=\"wp-block-heading\">Reliable Metal Ceiling Solutions with B\u00fctem Metal<\/h2>\n\n\n\n<p>With 44 years of experience, we prioritize reliability and quality in metal ceiling systems, metal suspended ceilings, honeycomb ceilings, and other ceiling solutions. Thanks to our detail-oriented and boutique production approach, your projects become both aesthetic and long-lasting.<\/p>\n\n\n\n<ul class=\"wp-block-list\">\n<li>Custom design solutions for each project<\/li>\n\n\n\n<li>Domestic and international reference projects<\/li>\n\n\n\n<li>Customer-focused approach<br><\/li>\n<\/ul>\n\n\n\n<p>With B\u00dcTEM A.\u015e it is now easy to make your spaces modern, durable, and aesthetic. You can benefit from our metal suspended ceiling systems, Clip-In suspended ceilings, and other innovative solutions for your projects.<\/p>\n\n\n\n<p><\/p>","protected":false},"excerpt":{"rendered":"<p>Metal Tavan Sistemleri ile Mekanlar\u0131n\u0131z\u0131 Yenileyin 1980 y\u0131l\u0131ndan bu yana, metal tavan sistemleri alan\u0131nda yenilik\u00e7i \u00e7\u00f6z\u00fcmler sunan B\u00dcTEM A.\u015e., butik ve detay odakl\u0131 \u00e7al\u0131\u015fma prensibiyle projelerini hayata ge\u00e7iriyor. End\u00fcstri \u00e7a\u011f\u0131n\u0131n gerektirdi\u011fi teknolojik yakla\u015f\u0131mlar\u0131 benimseyen firmam\u0131z, hem yurt i\u00e7i hem de yurt d\u0131\u015f\u0131 projelerde ba\u015far\u0131s\u0131n\u0131 kan\u0131tlad\u0131. Kullan\u0131c\u0131lar\u0131n mekanlar\u0131n\u0131 modern ve fonksiyonel hale getirmesi i\u00e7in tasarlanan \u00e7\u00f6z\u00fcmlerimiz, [&hellip;]<\/p>","protected":false},"author":1,"featured_media":0,"parent":0,"menu_order":0,"comment_status":"closed","ping_status":"closed","template":"template-gutentor-full-width.php","meta":{"_joinchat":[],"footnotes":""},"class_list":["post-3835","page","type-page","status-publish","hentry"],"aioseo_notices":[],"_links":{"self":[{"href":"https:\/\/butemmetal.com\/en\/wp-json\/wp\/v2\/pages\/3835","targetHints":{"allow":["GET"]}}],"collection":[{"href":"https:\/\/butemmetal.com\/en\/wp-json\/wp\/v2\/pages"}],"about":[{"href":"https:\/\/butemmetal.com\/en\/wp-json\/wp\/v2\/types\/page"}],"author":[{"embeddable":true,"href":"https:\/\/butemmetal.com\/en\/wp-json\/wp\/v2\/users\/1"}],"replies":[{"embeddable":true,"href":"https:\/\/butemmetal.com\/en\/wp-json\/wp\/v2\/comments?post=3835"}],"version-history":[{"count":29,"href":"https:\/\/butemmetal.com\/en\/wp-json\/wp\/v2\/pages\/3835\/revisions"}],"predecessor-version":[{"id":7877,"href":"https:\/\/butemmetal.com\/en\/wp-json\/wp\/v2\/pages\/3835\/revisions\/7877"}],"wp:attachment":[{"href":"https:\/\/butemmetal.com\/en\/wp-json\/wp\/v2\/media?parent=3835"}],"curies":[{"name":"wp","href":"https:\/\/api.w.org\/{rel}","templated":true}]}}