{"id":3842,"date":"2024-08-12T15:20:30","date_gmt":"2024-08-12T12:20:30","guid":{"rendered":"https:\/\/butemmetal.com\/?page_id=3842"},"modified":"2026-03-05T13:00:40","modified_gmt":"2026-03-05T10:00:40","slug":"metal-tavan-sistemlerimi","status":"publish","type":"page","link":"https:\/\/butemmetal.com\/en\/metal-tavan-sistemlerimi\/","title":{"rendered":"Metal Ceiling Systems"},"content":{"rendered":"<section id=\"g-ibnbl9g\" class=\"wp-block-gutentor-m4 section-g-ibnbl9g gutentor-module gutentor-advanced-columns has-color-bg has-custom-bg gutentor-equal-column-height\"><div class=\"grid-container\"><div class=\"grid-row\">\n<div id=\"col-g-x10xmzx\" class=\"wp-block-gutentor-m4-col col-g-x10xmzx gutentor-single-column  grid-lg-6 grid-md-12 grid-6 wow slideInUp\" data-wow-animation=\"slideInUp\" data-wow-iteration=\"1\"><div id=\"section-g-x10xmzx\" class=\"section-g-x10xmzx gutentor-col-wrap\">\n<div id=\"section-g-ioedzoo\" class=\"wp-block-gutentor-e0 section-g-ioedzoo gutentor-element gutentor-element-advanced-text\"><div class=\"gutentor-text-wrap\"><h1 class=\"gutentor-text\">Durable <br>Metal Suspended Ceiling Systems<\/h1><\/div><\/div>\n<\/div><\/div>\n\n\n\n<div id=\"col-g-x21irw1\" class=\"wp-block-gutentor-m4-col col-g-x21irw1 gutentor-single-column  grid-lg-6 grid-md-12 grid-6\"><div id=\"section-g-x21irw1\" class=\"section-g-x21irw1 gutentor-col-wrap\"><\/div><\/div>\n<\/div><\/div><\/section>\n\n\n\n<section id=\"g-7361mss\" class=\"wp-block-gutentor-m4 section-g-7361mss gutentor-module gutentor-advanced-columns\"><div class=\"grid-container\"><div class=\"grid-row\">\n<div id=\"col-g-qof4iia\" class=\"wp-block-gutentor-m4-col col-g-qof4iia gutentor-single-column  grid-lg-12 grid-md-12 grid-12\"><div id=\"section-g-qof4iia\" class=\"section-g-qof4iia gutentor-col-wrap\">\n<div class=\"wp-block-columns is-layout-flex wp-container-core-columns-is-layout-9d6595d7 wp-block-columns-is-layout-flex\">\n<div class=\"wp-block-column is-layout-flow wp-block-column-is-layout-flow\" style=\"flex-basis:100%\">\n<div id=\"section-g-13277y7\" class=\"wp-block-gutentor-e0 section-g-13277y7 gutentor-element gutentor-element-advanced-text\"><div class=\"gutentor-text-wrap\"><p class=\"gutentor-text\"><strong>Aesthetic Metal Ceiling Solutions<br><\/strong><br>At B\u00fctem Metal, we provide metal ceiling and suspended ceiling solutions for all types of spaces. With our durable, customizable metal suspended ceiling systems designed for modern architecture, we add both aesthetic and functional value to your spaces.<br><br><strong>Metal Suspended Ceiling Systems with B\u00fctem Metal<\/strong><br><br>Our product range offers a wide variety of designs, carefully crafted to meet your visual and functional needs.<strong> <a href=\"https:\/\/butemmetal.com\/en\/projelerimiz\/\" title=\"\">Metal suspended ceiling<\/a> <\/strong>solutions include honeycomb suspended ceiling systems, baffle suspended ceilings, Clip-In suspended ceiling systems, Hook-On suspended ceiling systems, and hybrid Clip-In &amp; Hook-On systems, all designed to meet the requirements of both indoor and outdoor spaces. From modern offices to shopping centers, from metro stations to traditional commercial areas, B\u00fctem Metal's <strong>metal suspended ceiling<\/strong> solutions provide a perfect fit for any space.<br><br><strong>Functionality with Metal Suspended Ceilings<br><br><\/strong>Our products are not only aesthetically pleasing but also highly durable. Long-lasting and low-maintenance, our metal ceiling solutions provide an excellent investment opportunity. Baffle ceilings and other metal suspended ceiling options offer functional benefits such as sound insulation and energy efficiency, enhancing both the comfort and visual experience of your spaces.<br><br><strong>Professional Metal Ceiling Solutions<br><br><\/strong>B\u00fctem Metal offers professional solutions for all your metal suspended ceiling needs. If your projects demand a combination of aesthetics, functionality, and durability, contact us to discover the quality of our metal ceilings, honeycomb suspended ceilings, and baffle suspended ceilings.<br><br><\/p><\/div><\/div>\n<\/div>\n<\/div>\n<\/div><\/div>\n<\/div><\/div><\/section>\n\n\n\n<section id=\"g-pjdvmel\" class=\"wp-block-gutentor-m4 section-g-pjdvmel gutentor-module gutentor-advanced-columns\"><div class=\"grid-container\"><div class=\"grid-row\">\n<div id=\"col-g-klhbf0m\" class=\"wp-block-gutentor-m4-col col-g-klhbf0m gutentor-single-column  grid-lg-12 grid-md-12 grid-12\"><div id=\"section-g-klhbf0m\" class=\"section-g-klhbf0m gutentor-col-wrap\">\n<section id=\"g-l6al1ll\" class=\"wp-block-gutentor-m4 section-g-l6al1ll gutentor-module gutentor-advanced-columns\"><div class=\"grid-container\"><div class=\"grid-row\">\n<div id=\"col-g-1bvz1pj\" class=\"wp-block-gutentor-m4-col col-g-1bvz1pj gutentor-single-column  grid-lg-12 grid-md-12 grid-12\"><div id=\"section-g-1bvz1pj\" class=\"section-g-1bvz1pj gutentor-col-wrap\"><div class=\"wp-block-ultimate-post-post-grid-1 ultp-block-eb9bff\"><div class=\"ultp-block-wrapper\"><div class=\"ultp-loading\"><div class=\"ultp-loading-blocks\" style=\"width:100%;height:100%\"><div style=\"left: 0;top: 0\"><\/div><div style=\"left: 21px;top: 0\"><\/div><div style=\"left: 42px;top: 0\"><\/div><div style=\"left: 0;top: 21px\"><\/div><div style=\"left: 42px;top: 21px\"><\/div><div style=\"left: 0;top: 42px\"><\/div><div style=\"left: 42px;top: 42px\"><\/div><div style=\"left: 21px;top: 42px\"><\/div><\/div><\/div><div class=\"ultp-heading-filter\"><div class=\"ultp-heading-filter-in\"><div class=\"ultp-filter-navigation\"><\/div><\/div><\/div><div class=\"ultp-block-items-wrap ultp-block-row ultp-pg1a-style1 ultp-block-column-3 ultp-layout1\"><div class=\"ultp-block-item post-id-6559\"><div class=\"ultp-block-content-wrap\"><div class=\"ultp-block-image ultp-block-image-opacity\"><a href=\"https:\/\/butemmetal.com\/en\/metal-tavan-sistemleri\/opencell\/unigrid-petek-tavan\/\"><img decoding=\"async\" alt=\"Unigrid Petek Tavan\" src=\"https:\/\/butemmetal.com\/wp-content\/uploads\/2024\/11\/TDS-Unigrid-Systems-alt.jpg\" \/><\/a><\/div><div class=\"ultp-block-content\"><h3 class=\"ultp-block-title\"><a href=\"https:\/\/butemmetal.com\/en\/metal-tavan-sistemleri\/opencell\/unigrid-petek-tavan\/\">Unigrid Opencell Ceiling System<\/a><\/h3><\/div><\/div><\/div><div class=\"ultp-block-item post-id-5552\"><div class=\"ultp-block-content-wrap\"><div class=\"ultp-block-image ultp-block-image-opacity\"><a href=\"https:\/\/butemmetal.com\/en\/metal-tavan-sistemleri\/plank\/torsiyon-yayli-sistem\/\"><img decoding=\"async\" alt=\"Torsiyon Yayl\u0131 Sistem\" src=\"https:\/\/butemmetal.com\/wp-content\/uploads\/2024\/10\/TDS-Torsiyon-Yayli-Sistem-1.jpg\" \/><\/a><\/div><div class=\"ultp-block-content\"><h3 class=\"ultp-block-title\"><a href=\"https:\/\/butemmetal.com\/en\/metal-tavan-sistemleri\/plank\/torsiyon-yayli-sistem\/\">Torsion Spring Suspended Ceiling System<\/a><\/h3><\/div><\/div><\/div><div class=\"ultp-block-item post-id-4886\"><div class=\"ultp-block-content-wrap\"><div class=\"ultp-block-image ultp-block-image-opacity\"><a href=\"https:\/\/butemmetal.com\/en\/metal-tavan-sistemleri\/opencell\/t15-petek\/\"><img decoding=\"async\" alt=\"T15 Petek Tavan Sistemi\" src=\"https:\/\/butemmetal.com\/wp-content\/uploads\/2024\/10\/T15-Petek-Tavan.jpg\" \/><\/a><\/div><div class=\"ultp-block-content\"><h3 class=\"ultp-block-title\"><a href=\"https:\/\/butemmetal.com\/en\/metal-tavan-sistemleri\/opencell\/t15-petek\/\">T-15 Opencell Ceiling System<\/a><\/h3><\/div><\/div><\/div><div class=\"ultp-block-item post-id-5908\"><div class=\"ultp-block-content-wrap\"><div class=\"ultp-block-image ultp-block-image-opacity\"><a href=\"https:\/\/butemmetal.com\/en\/metal-tavan-sistemleri\/tile\/t70-lay-on\/\"><img decoding=\"async\" alt=\"T-70 Lay-On Sistem\" src=\"https:\/\/butemmetal.com\/wp-content\/uploads\/2024\/10\/TDS-T70-Lay-In-System-Aski-teli-baglanti-metod.jpg\" \/><\/a><\/div><div class=\"ultp-block-content\"><h3 class=\"ultp-block-title\"><a href=\"https:\/\/butemmetal.com\/en\/metal-tavan-sistemleri\/tile\/t70-lay-on\/\">T-70 Lay-On System<\/a><\/h3><\/div><\/div><\/div><div class=\"ultp-block-item post-id-5899\"><div class=\"ultp-block-content-wrap\"><div class=\"ultp-block-image ultp-block-image-opacity\"><a href=\"https:\/\/butemmetal.com\/en\/metal-tavan-sistemleri\/tile\/t-70-lay-in\/\"><img decoding=\"async\" alt=\"T-70 Lay-In Sistem\" src=\"https:\/\/butemmetal.com\/wp-content\/uploads\/2024\/10\/TDS-T70-Lay-In-System-Aski-teli-baglanti-metod.jpg\" \/><\/a><\/div><div class=\"ultp-block-content\"><h3 class=\"ultp-block-title\"><a href=\"https:\/\/butemmetal.com\/en\/metal-tavan-sistemleri\/tile\/t-70-lay-in\/\">T-70 Lay-In System<\/a><\/h3><\/div><\/div><\/div><div class=\"ultp-block-item post-id-6612\"><div class=\"ultp-block-content-wrap\"><div class=\"ultp-block-image ultp-block-image-opacity\"><a href=\"https:\/\/butemmetal.com\/en\/metal-tavan-sistemleri\/tile\/t24-sismik-sistem\/\"><img decoding=\"async\" alt=\"T-24 Sismik Sistem\" src=\"https:\/\/butemmetal.com\/wp-content\/uploads\/2024\/11\/1B-02-T24-Sismik-alt.jpg\" \/><\/a><\/div><div class=\"ultp-block-content\"><h3 class=\"ultp-block-title\"><a href=\"https:\/\/butemmetal.com\/en\/metal-tavan-sistemleri\/tile\/t24-sismik-sistem\/\">T-24 Seismic System<\/a><\/h3><\/div><\/div><\/div><div class=\"ultp-block-item post-id-5888\"><div class=\"ultp-block-content-wrap\"><div class=\"ultp-block-image ultp-block-image-opacity\"><a href=\"https:\/\/butemmetal.com\/en\/metal-tavan-sistemleri\/tile\/t-24-lay-on\/\"><img decoding=\"async\" alt=\"T-24 Lay-On Sistem\" src=\"https:\/\/butemmetal.com\/wp-content\/uploads\/2024\/10\/TDS-T24-alt-Lay-In-System-Aski-teli-baglanti-metod.jpg\" \/><\/a><\/div><div class=\"ultp-block-content\"><h3 class=\"ultp-block-title\"><a href=\"https:\/\/butemmetal.com\/en\/metal-tavan-sistemleri\/tile\/t-24-lay-on\/\">T-24 Lay-On System<\/a><\/h3><\/div><\/div><\/div><div class=\"ultp-block-item post-id-5870\"><div class=\"ultp-block-content-wrap\"><div class=\"ultp-block-image ultp-block-image-opacity\"><a href=\"https:\/\/butemmetal.com\/en\/metal-tavan-sistemleri\/tile\/t-24-lay-in\/\"><img decoding=\"async\" alt=\"T-24 Lay-In Sistem\" src=\"https:\/\/butemmetal.com\/wp-content\/uploads\/2024\/10\/TDS-T24-alt-Lay-In-System-Aski-teli-baglanti-metod.jpg\" \/><\/a><\/div><div class=\"ultp-block-content\"><h3 class=\"ultp-block-title\"><a href=\"https:\/\/butemmetal.com\/en\/metal-tavan-sistemleri\/tile\/t-24-lay-in\/\">T-24 Lay-In System<\/a><\/h3><\/div><\/div><\/div><div class=\"ultp-block-item post-id-4885\"><div class=\"ultp-block-content-wrap\"><div class=\"ultp-block-image ultp-block-image-opacity\"><a href=\"https:\/\/butemmetal.com\/en\/metal-tavan-sistemleri\/tile\/t15-lay-on\/\"><img decoding=\"async\" alt=\"T-15 Lay-On Sistem\" src=\"https:\/\/butemmetal.com\/wp-content\/uploads\/2024\/10\/TDS-T15-Lay-On-System-Aski-teli-baglanti-metod.jpg\" \/><\/a><\/div><div class=\"ultp-block-content\"><h3 class=\"ultp-block-title\"><a href=\"https:\/\/butemmetal.com\/en\/metal-tavan-sistemleri\/tile\/t15-lay-on\/\">T-15 Lay-On System<\/a><\/h3><\/div><\/div><\/div><div class=\"ultp-block-item post-id-4898\"><div class=\"ultp-block-content-wrap\"><div class=\"ultp-block-image ultp-block-image-opacity\"><a href=\"https:\/\/butemmetal.com\/en\/metal-tavan-sistemleri\/tile\/t15-lay-in\/\"><img decoding=\"async\" alt=\"T-15 Lay-In Sistem\" src=\"https:\/\/butemmetal.com\/wp-content\/uploads\/2024\/10\/TDS-T15-Lay-In-System-Aski-teli-baglanti-metod-1.jpg\" \/><\/a><\/div><div class=\"ultp-block-content\"><h3 class=\"ultp-block-title\"><a href=\"https:\/\/butemmetal.com\/en\/metal-tavan-sistemleri\/tile\/t15-lay-in\/\">T-15 Lay-In System<\/a><\/h3><\/div><\/div><\/div><div class=\"ultp-block-item post-id-6549\"><div class=\"ultp-block-content-wrap\"><div class=\"ultp-block-image ultp-block-image-opacity\"><a href=\"https:\/\/butemmetal.com\/en\/metal-tavan-sistemleri\/lineer\/slimline\/\"><img decoding=\"async\" alt=\"Slimline Sistem\" src=\"https:\/\/butemmetal.com\/wp-content\/uploads\/2024\/11\/TDS-Slimline-System-alt.jpg\" \/><\/a><\/div><div class=\"ultp-block-content\"><h3 class=\"ultp-block-title\"><a href=\"https:\/\/butemmetal.com\/en\/metal-tavan-sistemleri\/lineer\/slimline\/\">Slimline Suspended Ceiling System<\/a><\/h3><\/div><\/div><\/div><div class=\"ultp-block-item post-id-4925\"><div class=\"ultp-block-content-wrap\"><div class=\"ultp-block-image ultp-block-image-opacity\"><a href=\"https:\/\/butemmetal.com\/en\/metal-tavan-sistemleri\/lineer\/mutlipanel\/\"><img decoding=\"async\" alt=\"Multipanel Sistem\" src=\"https:\/\/butemmetal.com\/wp-content\/uploads\/2024\/10\/multipanel.jpg\" \/><\/a><\/div><div class=\"ultp-block-content\"><h3 class=\"ultp-block-title\"><a href=\"https:\/\/butemmetal.com\/en\/metal-tavan-sistemleri\/lineer\/mutlipanel\/\">Multipanel Suspended Ceiling System<\/a><\/h3><\/div><\/div><\/div><div class=\"ultp-block-item post-id-6543\"><div class=\"ultp-block-content-wrap\"><div class=\"ultp-block-image ultp-block-image-opacity\"><a href=\"https:\/\/butemmetal.com\/en\/metal-tavan-sistemleri\/plank\/lego-tavan\/\"><img decoding=\"async\" alt=\"Lego Tavan\" src=\"https:\/\/butemmetal.com\/wp-content\/uploads\/2024\/11\/TDS-Lego-Loop-Systems-alt.jpg\" \/><\/a><\/div><div class=\"ultp-block-content\"><h3 class=\"ultp-block-title\"><a href=\"https:\/\/butemmetal.com\/en\/metal-tavan-sistemleri\/plank\/lego-tavan\/\">Lego Suspended Ceiling System<\/a><\/h3><\/div><\/div><\/div><div class=\"ultp-block-item post-id-5523\"><div class=\"ultp-block-content-wrap\"><div class=\"ultp-block-image ultp-block-image-opacity\"><a href=\"https:\/\/butemmetal.com\/en\/metal-tavan-sistemleri\/plank\/hook-on\/\"><img decoding=\"async\" alt=\"Hook-On Sistem\" src=\"https:\/\/butemmetal.com\/wp-content\/uploads\/2024\/10\/TDS-Hook-on-System-Ana-Tasiyici-Tij-dubel-baglanti-metod-1.jpg\" \/><\/a><\/div><div class=\"ultp-block-content\"><h3 class=\"ultp-block-title\"><a href=\"https:\/\/butemmetal.com\/en\/metal-tavan-sistemleri\/plank\/hook-on\/\">Hook-On Suspended Ceiling System<\/a><\/h3><\/div><\/div><\/div><div class=\"ultp-block-item post-id-6671\"><div class=\"ultp-block-content-wrap\"><div class=\"ultp-block-image ultp-block-image-opacity\"><a href=\"https:\/\/butemmetal.com\/en\/metal-tavan-sistemleri\/expanded\/hook-on-mesh\/\"><img decoding=\"async\" alt=\"Hook-On Mesh Sistem\" src=\"https:\/\/butemmetal.com\/wp-content\/uploads\/2024\/12\/1F-01-Hook-on-Mesh-alt-icten-puntali.jpg\" \/><\/a><\/div><div class=\"ultp-block-content\"><h3 class=\"ultp-block-title\"><a href=\"https:\/\/butemmetal.com\/en\/metal-tavan-sistemleri\/expanded\/hook-on-mesh\/\">Hook-On Mesh System<\/a><\/h3><\/div><\/div><\/div><div class=\"ultp-block-item post-id-5524\"><div class=\"ultp-block-content-wrap\"><div class=\"ultp-block-image ultp-block-image-opacity\"><a href=\"https:\/\/butemmetal.com\/en\/metal-tavan-sistemleri\/plank\/hook-on-koridor\/\"><img decoding=\"async\" alt=\"Hook-On Koridor Sistem\" src=\"https:\/\/butemmetal.com\/wp-content\/uploads\/2024\/10\/TDS-Hook-on-Corridor-System-Type1-2.jpg\" \/><\/a><\/div><div class=\"ultp-block-content\"><h3 class=\"ultp-block-title\"><a href=\"https:\/\/butemmetal.com\/en\/metal-tavan-sistemleri\/plank\/hook-on-koridor\/\">Hook-On Corridor Suspended Ceiling System<\/a><\/h3><\/div><\/div><\/div><\/div><div class=\"ultp-pagination-wrap ultp-pagination-ajax-action\" data-paged=\"1\" data-expost=\"\" data-blockid=\"eb9bff\" data-postid=\"3842\" data-pages=\"2\" data-blockname=\"ultimate-post_post-grid-1\" data-selfpostid=\"yes\"><ul class=\"ultp-pagination\"><li class=\"ultp-prev-page-numbers\"><a href=\"https:\/\/butemmetal.com\/en\/wp-json\/wp\/v2\/pages\/3842\/\"><svg enable-background=\"new 0 0 477.175 477.175\" version=\"1.1\" viewbox=\"0 0 477.18 477.18\"><path d=\"m145.19 238.58 215.5-215.5c5.3-5.3 5.3-13.8 0-19.1s-13.8-5.3-19.1 0l-225.1 225.1c-5.3 5.3-5.3 13.8 0 19.1l225.1 225c2.6 2.6 6.1 4 9.5 4s6.9-1.3 9.5-4c5.3-5.3 5.3-13.8 0-19.1l-215.4-215.5z\"><\/path><\/svg> Former<\/a><\/li><li class=\"ultp-center-item pagination-active\" data-current=\"1\"><a href=\"https:\/\/butemmetal.com\/en\/wp-json\/wp\/v2\/pages\/3842\/\">1<\/a><\/li><li class=\"ultp-center-item\" data-current=\"2\"><a href=\"https:\/\/butemmetal.com\/en\/wp-json\/wp\/v2\/pages\/3842\/page\/2\/\">2<\/a><\/li><li class=\"ultp-next-page-numbers\"><a href=\"https:\/\/butemmetal.com\/en\/wp-json\/wp\/v2\/pages\/3842\/page\/2\/\">Next<svg enable-background=\"new 0 0 477.175 477.175\" version=\"1.1\" viewbox=\"0 0 477.18 477.18\"><path d=\"m360.73 229.08-225.1-225.1c-5.3-5.3-13.8-5.3-19.1 0s-5.3 13.8 0 19.1l215.5 215.5-215.5 215.5c-5.3 5.3-5.3 13.8 0 19.1 2.6 2.6 6.1 4 9.5 4s6.9-1.3 9.5-4l225.1-225.1c5.3-5.2 5.3-13.8 0.1-19z\"><\/path><\/svg><\/a><\/li><\/ul><\/div><\/div><\/div><\/div><\/div>\n<\/div><\/div><\/section>\n<\/div><\/div>\n<\/div><\/div><\/section>\n\n\n\n<h2 class=\"wp-block-heading\">B\u00fctem Metal ile Yenilik\u00e7i Metal Asma Tavan Sistemleri<\/h2>\n\n\n\n<p>Metal tavan sistemleri, estetik g\u00f6r\u00fcn\u00fcm, uzun \u00f6m\u00fcrl\u00fc kullan\u0131m ve fonksiyonelli\u011fi bir araya getiren modern \u00e7\u00f6z\u00fcmler sunar. Bu sistemler, yaln\u0131zca dekoratif bir unsur de\u011fil, ayn\u0131 zamanda akustik d\u00fczenleme ve g\u00fcvenlik a\u00e7\u0131s\u0131ndan da avantaj sa\u011flar. Kullan\u0131c\u0131lar\u0131n en \u00e7ok sordu\u011fu sorulardan biri: <em>\u201cMetal asma tavan sistemleri hangi alanlar i\u00e7in uygundur?\u201d<\/em><\/p>\n\n\n\n<h2 class=\"wp-block-heading\">Why Are Metal Suspended Ceiling Systems Preferred?<\/h2>\n\n\n\n<p><a href=\"https:\/\/butemmetal.com\/en\/hakkimizda\/\"><strong>Metal suspended ceiling<\/strong><\/a> sistemleri, farkl\u0131 tasar\u0131m se\u00e7enekleri ve dayan\u0131kl\u0131 yap\u0131lar\u0131yla her mek\u00e2na uyum sa\u011flar. Yang\u0131n dayan\u0131m\u0131, kolay temizlenebilirlik ve uzun \u00f6m\u00fcrl\u00fc kullan\u0131m en \u00f6nemli tercih sebeplerindendir. Ayr\u0131ca, montaj ve bak\u0131m s\u00fcre\u00e7leri olduk\u00e7a pratiktir.<\/p>\n\n\n\n<ul class=\"wp-block-list\">\n<li>Estetik ve modern bir g\u00f6r\u00fcn\u00fcm kazand\u0131r\u0131r.<\/li>\n\n\n\n<li>Uzun vadede maliyet avantaj\u0131 sunar.<\/li>\n\n\n\n<li>Mek\u00e2nlarda d\u00fczenli ve ferah bir atmosfer yarat\u0131r.<\/li>\n<\/ul>\n\n\n\n<h2 class=\"wp-block-heading\">Petek Tavan ve Petek Asma Tavan Hangi Alanlarda Kullan\u0131l\u0131r?<\/h2>\n\n\n\n<p>Petek tavan sistemleri, a\u00e7\u0131k h\u00fccre yap\u0131s\u0131 sayesinde \u0131\u015f\u0131k ve hava sirk\u00fclasyonuna katk\u0131 sa\u011flar. Bu \u00f6zellik, b\u00fcy\u00fck ve yo\u011fun kullan\u0131lan alanlarda ferah bir ortam yarat\u0131r. Kullan\u0131c\u0131lar\u0131n s\u0131k\u00e7a y\u00f6neltti\u011fi soru: <em>\u201cPetek asma tavan en \u00e7ok nerelerde tercih edilir?\u201d<\/em><\/p>\n\n\n\n<ul class=\"wp-block-list\">\n<li>Al\u0131\u015fveri\u015f merkezleri ve ma\u011fazalar<\/li>\n\n\n\n<li>Havalimanlar\u0131 ve istasyonlar<\/li>\n\n\n\n<li>Sergi ve fuar alanlar\u0131<\/li>\n\n\n\n<li>Modern ofis projeleri<\/li>\n<\/ul>\n\n\n\n<h2 class=\"wp-block-heading\">Clip-in Asma Tavan Hangi Avantajlar\u0131 Sunar?<\/h2>\n\n\n\n<p>Clip-in asma tavan, d\u00fczg\u00fcn y\u00fczey g\u00f6r\u00fcn\u00fcm\u00fc ve kolay monte edilip s\u00f6k\u00fclme \u00f6zelli\u011fi ile \u00f6ne \u00e7\u0131kar. Teknik alanlara h\u0131zl\u0131 eri\u015fim sa\u011flamas\u0131 bak\u0131m\u0131ndan mimarlar ve uygulamac\u0131lar taraf\u0131ndan s\u0131k\u00e7a tercih edilir. Peki, <em>\u201cClip-in asma tavan sistemleri neden bu kadar yayg\u0131n?\u201d<\/em><\/p>\n\n\n\n<ul class=\"wp-block-list\">\n<li>Modern tasar\u0131mlara uyum sa\u011flar.<\/li>\n\n\n\n<li>Bak\u0131m ve onar\u0131m s\u00fcre\u00e7lerini kolayla\u015ft\u0131r\u0131r.<\/li>\n\n\n\n<li>Farkl\u0131 \u00f6l\u00e7\u00fc ve renk se\u00e7enekleriyle \u00e7e\u015fitlilik sunar.<\/li>\n<\/ul>\n\n\n\n<h2 class=\"wp-block-heading\">Clip-in Koridor Sistemleri Nerelerde Kullan\u0131l\u0131r?<\/h2>\n\n\n\n<p>Dar ve uzun alanlarda kullan\u0131lan <strong>clip-in koridor sistemleri<\/strong>, mek\u00e2n\u0131n d\u00fczenli ve estetik g\u00f6r\u00fcnmesine katk\u0131da bulunur. Bu sistemler, \u00f6zellikle yo\u011fun insan trafi\u011finin oldu\u011fu b\u00f6lgelerde tercih edilir. Kullan\u0131c\u0131lar\u0131n merak etti\u011fi soru: <em>\u201cKoridorlarda metal asma tavan gerekli mi?\u201d<\/em><\/p>\n\n\n\n<ul class=\"wp-block-list\">\n<li>I\u015f\u0131kland\u0131rma elemanlar\u0131yla uyumlu \u00e7\u00f6z\u00fcmler \u00fcretir.<\/li>\n\n\n\n<li>Mek\u00e2na modern bir \u00e7izgi kazand\u0131r\u0131r.<\/li>\n\n\n\n<li>Dayan\u0131kl\u0131 yap\u0131s\u0131 sayesinde uzun \u00f6m\u00fcrl\u00fc kullan\u0131m sunar.<\/li>\n<\/ul>\n\n\n\n<h2 class=\"wp-block-heading\">Baffle Tavan Sistemleri \u00d6zellikleri Nelerdir?&nbsp;<\/h2>\n\n\n\n<p>Y\u00fcksek tavanl\u0131 mek\u00e2nlarda tercih edilen baffle tavan sistemleri, dikey panellerden olu\u015fan modern bir tasar\u0131ma sahiptir. Baffle asma tavan, hem dekoratif hem de akustik \u00e7\u00f6z\u00fcmler sundu\u011fu i\u00e7in pop\u00fclerdir. Kullan\u0131c\u0131lar\u0131n s\u0131k\u00e7a sordu\u011fu soru: <em>\u201cBaffle tavan ses yal\u0131t\u0131m\u0131nda etkili midir?\u201d<\/em><\/p>\n\n\n\n<ul class=\"wp-block-list\">\n<li>G\u00fcr\u00fclt\u00fcy\u00fc azaltarak akustik konfor sa\u011flar.<\/li>\n\n\n\n<li>Farkl\u0131 boyut ve renk se\u00e7enekleriyle tasar\u0131m \u00f6zg\u00fcrl\u00fc\u011f\u00fc sunar.<\/li>\n\n\n\n<li>Geni\u015f alanlarda g\u00f6rsel derinlik olu\u015fturur.<br><\/li>\n<\/ul>\n\n\n\n<h3 class=\"wp-block-heading\">Metal Asma Tavan Sistemleri Hangi Avantajlar\u0131 Sa\u011flar?<\/h3>\n\n\n\n<p>Metal asma tavan sistemleri, yaln\u0131zca estetik a\u00e7\u0131dan de\u011fil, fonksiyonel olarak da b\u00fcy\u00fck avantajlar sunar. Akustik kontrol, yang\u0131n g\u00fcvenli\u011fi ve enerji verimlili\u011fi sa\u011flad\u0131\u011f\u0131 i\u00e7in \u00f6zellikle modern yap\u0131larda tercih edilir. Ayr\u0131ca, petek tavan, clip-in asma tavan ve baffle asma tavan se\u00e7enekleri farkl\u0131 ihtiya\u00e7lara g\u00f6re esneklik sunar.<\/p>\n\n\n\n<h3 class=\"wp-block-heading\">Metal Tavan Sistemleri ile Mek\u00e2nlarda Hangi \u00c7\u00f6z\u00fcmler Elde Edilir?<\/h3>\n\n\n\n<p><a href=\"https:\/\/butemmetal.com\/en\/projelerimiz\/\"><strong>Metal tavan<\/strong><\/a><strong> <\/strong>sistemleri, her mek\u00e2n\u0131n yap\u0131s\u0131na g\u00f6re \u00f6zelle\u015ftirilebilir. Petek asma tavan geni\u015f alanlarda ferahl\u0131k sa\u011flarken, clip-in koridor sistemleri dar alanlara modern bir \u00e7izgi katar. Baffle tavan ise \u00f6zellikle ses d\u00fczenlemesi gereken mek\u00e2nlarda akustik konfor sunar.<\/p>\n\n\n\n<h2 class=\"wp-block-heading\">Metal Tavan Sistemleri Hangi Projelerde Kullan\u0131l\u0131r?<\/h2>\n\n\n\n<p>Metal tavan \u00e7\u00f6z\u00fcmleri, yaln\u0131zca g\u00f6rsellik i\u00e7in de\u011fil, fonksiyonellik i\u00e7in de tercih edilir. <em>\u201cMetal asma tavan sistemleri en \u00e7ok hangi projelerde g\u00f6r\u00fcl\u00fcr?\u201d<\/em> sorusu s\u0131k sorulur ve cevab\u0131 olduk\u00e7a geni\u015ftir:<\/p>\n\n\n\n<ul class=\"wp-block-list\">\n<li>Modern ofis binalar\u0131 ve i\u015f merkezleri<\/li>\n\n\n\n<li>Kamu binalar\u0131 ve e\u011fitim kurumlar\u0131<\/li>\n\n\n\n<li>Sa\u011fl\u0131k tesisleri ve hastaneler<\/li>\n\n\n\n<li>Oteller, al\u0131\u015fveri\u015f merkezleri ve ula\u015f\u0131m alanlar\u0131<\/li>\n\n\n\n<li>Mek\u00e2nlara De\u011fer Katan Metal Asma Tavan \u00c7\u00f6z\u00fcmleri<\/li>\n<\/ul>\n\n\n\n<p>G\u00fcn\u00fcm\u00fczde <strong>Expanded metal<\/strong> sistemleri, \u015f\u0131kl\u0131k ve dayan\u0131kl\u0131l\u0131\u011f\u0131 bir arada sunarak bir\u00e7ok projede vazge\u00e7ilmez hale gelmi\u015ftir. Petek asma tavan, clip-in asma tavan, clip-in koridor sistemleri veya baffle asma tavan gibi farkl\u0131 se\u00e7enekler, her ihtiyaca uygun \u00e7\u00f6z\u00fcmler sa\u011flar. Do\u011fru sistem se\u00e7imiyle mek\u00e2nlara modernlik, fonksiyonellik ve uzun \u00f6m\u00fcrl\u00fc bir yap\u0131 kazand\u0131rmak m\u00fcmk\u00fcnd\u00fcr.<\/p>","protected":false},"excerpt":{"rendered":"<p>B\u00fctem Metal ile Yenilik\u00e7i Metal Asma Tavan Sistemleri Metal tavan sistemleri, estetik g\u00f6r\u00fcn\u00fcm, uzun \u00f6m\u00fcrl\u00fc kullan\u0131m ve fonksiyonelli\u011fi bir araya getiren modern \u00e7\u00f6z\u00fcmler sunar. Bu sistemler, yaln\u0131zca dekoratif bir unsur de\u011fil, ayn\u0131 zamanda akustik d\u00fczenleme ve g\u00fcvenlik a\u00e7\u0131s\u0131ndan da avantaj sa\u011flar. Kullan\u0131c\u0131lar\u0131n en \u00e7ok sordu\u011fu sorulardan biri: \u201cMetal asma tavan sistemleri hangi alanlar i\u00e7in uygundur?\u201d [&hellip;]<\/p>","protected":false},"author":1,"featured_media":0,"parent":0,"menu_order":0,"comment_status":"closed","ping_status":"closed","template":"template-gutentor-full-width.php","meta":{"_joinchat":[],"footnotes":""},"class_list":["post-3842","page","type-page","status-publish","hentry"],"aioseo_notices":[],"_links":{"self":[{"href":"https:\/\/butemmetal.com\/en\/wp-json\/wp\/v2\/pages\/3842","targetHints":{"allow":["GET"]}}],"collection":[{"href":"https:\/\/butemmetal.com\/en\/wp-json\/wp\/v2\/pages"}],"about":[{"href":"https:\/\/butemmetal.com\/en\/wp-json\/wp\/v2\/types\/page"}],"author":[{"embeddable":true,"href":"https:\/\/butemmetal.com\/en\/wp-json\/wp\/v2\/users\/1"}],"replies":[{"embeddable":true,"href":"https:\/\/butemmetal.com\/en\/wp-json\/wp\/v2\/comments?post=3842"}],"version-history":[{"count":32,"href":"https:\/\/butemmetal.com\/en\/wp-json\/wp\/v2\/pages\/3842\/revisions"}],"predecessor-version":[{"id":8212,"href":"https:\/\/butemmetal.com\/en\/wp-json\/wp\/v2\/pages\/3842\/revisions\/8212"}],"wp:attachment":[{"href":"https:\/\/butemmetal.com\/en\/wp-json\/wp\/v2\/media?parent=3842"}],"curies":[{"name":"wp","href":"https:\/\/api.w.org\/{rel}","templated":true}]}}