{"id":3999,"date":"2024-08-19T18:44:12","date_gmt":"2024-08-19T15:44:12","guid":{"rendered":"https:\/\/butemmetal.com\/?page_id=3999"},"modified":"2026-03-30T16:49:37","modified_gmt":"2026-03-30T13:49:37","slug":"blog","status":"publish","type":"page","link":"https:\/\/butemmetal.com\/en\/blog\/","title":{"rendered":"Blog"},"content":{"rendered":"<section id=\"g-ibnbl9g\" class=\"wp-block-gutentor-m4 section-g-ibnbl9g gutentor-module gutentor-advanced-columns has-image-bg has-custom-bg gutentor-equal-column-height\"><div class=\"grid-container\"><div class=\"grid-row\">\n<div id=\"col-g-x10xmzx\" class=\"wp-block-gutentor-m4-col col-g-x10xmzx gutentor-single-column  grid-lg-12 grid-md-12 grid-12 wow slideInUp\" data-wow-animation=\"slideInUp\" data-wow-iteration=\"1\"><div id=\"section-g-x10xmzx\" class=\"section-g-x10xmzx gutentor-col-wrap has-gutentor-overlay\">\n<div id=\"section-g-ril0ehp\" class=\"wp-block-gutentor-e0 section-g-ril0ehp gutentor-element gutentor-element-advanced-text\"><div class=\"gutentor-text-wrap\"><h1 class=\"gutentor-text\">Insights That Add Value to Your Projects with B\u00fctem Metal Expertise<\/h1><\/div><\/div>\n\n\n\n<a href=\"#content\" class=\"scroll-down\">\n  \u2193\n<\/a>\n<\/div><\/div>\n<\/div><\/div><\/section>\n\n\n\n<section id=\"content\" class=\"wp-block-gutentor-m4 section-g-272uaou gutentor-module gutentor-advanced-columns\"><div class=\"grid-container\"><div class=\"grid-row\">\n<div id=\"col-g-hgmoh7h\" class=\"wp-block-gutentor-m4-col col-g-hgmoh7h gutentor-single-column  grid-lg-12 grid-md-12 grid-12\"><div id=\"section-g-hgmoh7h\" class=\"section-g-hgmoh7h gutentor-col-wrap\"><div class=\"wp-block-ultimate-post-post-grid-1 ultp-block-0ddfbf\"><div class=\"ultp-block-wrapper\"><div class=\"ultp-loading\"><div class=\"ultp-loading-blocks\" style=\"width:100%;height:100%\"><div style=\"left: 0;top: 0\"><\/div><div style=\"left: 21px;top: 0\"><\/div><div style=\"left: 42px;top: 0\"><\/div><div style=\"left: 0;top: 21px\"><\/div><div style=\"left: 42px;top: 21px\"><\/div><div style=\"left: 0;top: 42px\"><\/div><div style=\"left: 42px;top: 42px\"><\/div><div style=\"left: 21px;top: 42px\"><\/div><\/div><\/div><div class=\"ultp-heading-filter\"><div class=\"ultp-heading-filter-in\"><div class=\"ultp-filter-navigation\"><\/div><\/div><\/div><div class=\"ultp-block-items-wrap ultp-block-row ultp-pg1a-style1 ultp-block-column-2 ultp-layout1\"><div class=\"ultp-block-item post-id-8417\"><div class=\"ultp-block-content-wrap\"><div class=\"ultp-block-image ultp-block-image-opacity\"><a href=\"https:\/\/butemmetal.com\/en\/blog\/hastanelerde-hijyenik-asma-tavanlar-enfeksiyon-kontrolunde-ne-kadar-etkili\/\"><img decoding=\"async\" alt=\"Hastanelerde Hijyenik Asma Tavanlar Enfeksiyon Kontrol\u00fcnde Ne Kadar Etkili?\" src=\"https:\/\/butemmetal.com\/wp-content\/uploads\/2026\/04\/ChatGPT-Image-27-Nis-2026-09_29_27-870x570.webp\" \/><\/a><\/div><div class=\"ultp-block-content\"><h3 class=\"ultp-block-title\"><a href=\"https:\/\/butemmetal.com\/en\/blog\/hastanelerde-hijyenik-asma-tavanlar-enfeksiyon-kontrolunde-ne-kadar-etkili\/\">Hastanelerde Hijyenik Asma Tavanlar Enfeksiyon Kontrol\u00fcnde Ne Kadar Etkili?<\/a><\/h3><div class=\"ultp-block-meta ultp-block-meta-dot ultp-block-meta-icon\"><span class=\"ultp-block-date\"><svg xmlns=\"http:\/\/www.w3.org\/2000\/svg\" viewbox=\"0 0 18 19\"><path d=\"M4.60069444,4.09375 L3.25,4.09375 C2.47334957,4.09375 1.84375,4.72334957 1.84375,5.5 L1.84375,7.26736111 L16.15625,7.26736111 L16.15625,5.5 C16.15625,4.72334957 15.5266504,4.09375 14.75,4.09375 L13.3993056,4.09375 L13.3993056,4.55555556 C13.3993056,5.02154581 13.0215458,5.39930556 12.5555556,5.39930556 C12.0895653,5.39930556 11.7118056,5.02154581 11.7118056,4.55555556 L11.7118056,4.09375 L6.28819444,4.09375 L6.28819444,4.55555556 C6.28819444,5.02154581 5.9104347,5.39930556 5.44444444,5.39930556 C4.97845419,5.39930556 4.60069444,5.02154581 4.60069444,4.55555556 L4.60069444,4.09375 Z M6.28819444,2.40625 L11.7118056,2.40625 L11.7118056,1 C11.7118056,0.534009742 12.0895653,0.15625 12.5555556,0.15625 C13.0215458,0.15625 13.3993056,0.534009742 13.3993056,1 L13.3993056,2.40625 L14.75,2.40625 C16.4586309,2.40625 17.84375,3.79136906 17.84375,5.5 L17.84375,15.875 C17.84375,17.5836309 16.4586309,18.96875 14.75,18.96875 L3.25,18.96875 C1.54136906,18.96875 0.15625,17.5836309 0.15625,15.875 L0.15625,5.5 C0.15625,3.79136906 1.54136906,2.40625 3.25,2.40625 L4.60069444,2.40625 L4.60069444,1 C4.60069444,0.534009742 4.97845419,0.15625 5.44444444,0.15625 C5.9104347,0.15625 6.28819444,0.534009742 6.28819444,1 L6.28819444,2.40625 Z M1.84375,8.95486111 L1.84375,15.875 C1.84375,16.6516504 2.47334957,17.28125 3.25,17.28125 L14.75,17.28125 C15.5266504,17.28125 16.15625,16.6516504 16.15625,15.875 L16.15625,8.95486111 L1.84375,8.95486111 Z\" \/><\/svg>Apr 27, 2026<\/span><\/div><div class=\"ultp-block-excerpt\"><p>Hastanelerde Hijyenik Metal Asma Tavanlar Enfeksiyon Kontrol\u00fcnde Ne Kadar Etkili? Sa\u011fl\u0131k kurulu\u015flar\u0131nda sterilizasyon, sadece y\u00fczey temizli\u011fi ile&hellip;<\/p>\n<\/div><div class=\"ultp-block-readmore\"><a aria-label=\"Hastanelerde Hijyenik Asma Tavanlar Enfeksiyon Kontrol\u00fcnde Ne Kadar Etkili?\" href=\"https:\/\/butemmetal.com\/en\/blog\/hastanelerde-hijyenik-asma-tavanlar-enfeksiyon-kontrolunde-ne-kadar-etkili\/\">Devam\u0131n\u0131 Oku<svg enable-background=\"new 0 0 477.175 477.175\" version=\"1.1\" viewbox=\"0 0 477.18 477.18\"><path d=\"m360.73 229.08-225.1-225.1c-5.3-5.3-13.8-5.3-19.1 0s-5.3 13.8 0 19.1l215.5 215.5-215.5 215.5c-5.3 5.3-5.3 13.8 0 19.1 2.6 2.6 6.1 4 9.5 4s6.9-1.3 9.5-4l225.1-225.1c5.3-5.2 5.3-13.8 0.1-19z\"><\/path><\/svg><\/a><\/div><\/div><\/div><\/div><div class=\"ultp-block-item post-id-8390\"><div class=\"ultp-block-content-wrap\"><div class=\"ultp-block-image ultp-block-image-opacity\"><a href=\"https:\/\/butemmetal.com\/en\/blog\/taim-standartlari-bir-asma-tavanin-kalitesini-nasil-tesciller\/\"><img decoding=\"async\" alt=\"Taim Standartlar\u0131 Bir Asma Tavan\u0131n Kalitesini Nas\u0131l Tesciller?\" src=\"https:\/\/butemmetal.com\/wp-content\/uploads\/2026\/04\/Gemini_Generated_Image_b9tu8b9tu8b9tu8b-870x570.jpg\" \/><\/a><\/div><div class=\"ultp-block-content\"><h3 class=\"ultp-block-title\"><a href=\"https:\/\/butemmetal.com\/en\/blog\/taim-standartlari-bir-asma-tavanin-kalitesini-nasil-tesciller\/\">Taim Standartlar\u0131 Bir Asma Tavan\u0131n Kalitesini Nas\u0131l Tesciller?<\/a><\/h3><div class=\"ultp-block-meta ultp-block-meta-dot ultp-block-meta-icon\"><span class=\"ultp-block-date\"><svg xmlns=\"http:\/\/www.w3.org\/2000\/svg\" viewbox=\"0 0 18 19\"><path d=\"M4.60069444,4.09375 L3.25,4.09375 C2.47334957,4.09375 1.84375,4.72334957 1.84375,5.5 L1.84375,7.26736111 L16.15625,7.26736111 L16.15625,5.5 C16.15625,4.72334957 15.5266504,4.09375 14.75,4.09375 L13.3993056,4.09375 L13.3993056,4.55555556 C13.3993056,5.02154581 13.0215458,5.39930556 12.5555556,5.39930556 C12.0895653,5.39930556 11.7118056,5.02154581 11.7118056,4.55555556 L11.7118056,4.09375 L6.28819444,4.09375 L6.28819444,4.55555556 C6.28819444,5.02154581 5.9104347,5.39930556 5.44444444,5.39930556 C4.97845419,5.39930556 4.60069444,5.02154581 4.60069444,4.55555556 L4.60069444,4.09375 Z M6.28819444,2.40625 L11.7118056,2.40625 L11.7118056,1 C11.7118056,0.534009742 12.0895653,0.15625 12.5555556,0.15625 C13.0215458,0.15625 13.3993056,0.534009742 13.3993056,1 L13.3993056,2.40625 L14.75,2.40625 C16.4586309,2.40625 17.84375,3.79136906 17.84375,5.5 L17.84375,15.875 C17.84375,17.5836309 16.4586309,18.96875 14.75,18.96875 L3.25,18.96875 C1.54136906,18.96875 0.15625,17.5836309 0.15625,15.875 L0.15625,5.5 C0.15625,3.79136906 1.54136906,2.40625 3.25,2.40625 L4.60069444,2.40625 L4.60069444,1 C4.60069444,0.534009742 4.97845419,0.15625 5.44444444,0.15625 C5.9104347,0.15625 6.28819444,0.534009742 6.28819444,1 L6.28819444,2.40625 Z M1.84375,8.95486111 L1.84375,15.875 C1.84375,16.6516504 2.47334957,17.28125 3.25,17.28125 L14.75,17.28125 C15.5266504,17.28125 16.15625,16.6516504 16.15625,15.875 L16.15625,8.95486111 L1.84375,8.95486111 Z\" \/><\/svg>Apr 20, 2026<\/span><\/div><div class=\"ultp-block-excerpt\"><p>Taim Standartlar\u0131 Bir Asma Tavan\u0131n Kalitesini Nas\u0131l Tesciller? Modern mimaride i\u00e7 mekan tasar\u0131mlar\u0131n\u0131n vazge\u00e7ilmezi olan metal asma&hellip;<\/p>\n<\/div><div class=\"ultp-block-readmore\"><a aria-label=\"Taim Standartlar\u0131 Bir Asma Tavan\u0131n Kalitesini Nas\u0131l Tesciller?\" href=\"https:\/\/butemmetal.com\/en\/blog\/taim-standartlari-bir-asma-tavanin-kalitesini-nasil-tesciller\/\">Devam\u0131n\u0131 Oku<svg enable-background=\"new 0 0 477.175 477.175\" version=\"1.1\" viewbox=\"0 0 477.18 477.18\"><path d=\"m360.73 229.08-225.1-225.1c-5.3-5.3-13.8-5.3-19.1 0s-5.3 13.8 0 19.1l215.5 215.5-215.5 215.5c-5.3 5.3-5.3 13.8 0 19.1 2.6 2.6 6.1 4 9.5 4s6.9-1.3 9.5-4l225.1-225.1c5.3-5.2 5.3-13.8 0.1-19z\"><\/path><\/svg><\/a><\/div><\/div><\/div><\/div><div class=\"ultp-block-item post-id-8324\"><div class=\"ultp-block-content-wrap\"><div class=\"ultp-block-image ultp-block-image-opacity\"><a href=\"https:\/\/butemmetal.com\/en\/blog\/yangina-dayanikli-a2-s1-d0-sertifikali-asma-tavanlarin-onemi-nedir\/\"><img decoding=\"async\" alt=\"A2-S1-D0 Yang\u0131na Dayan\u0131kl\u0131 Metal Asma Tavan - B\u00fctem Metal\" src=\"https:\/\/butemmetal.com\/wp-content\/uploads\/2026\/04\/aqwfqf-870x570.webp\" \/><\/a><\/div><div class=\"ultp-block-content\"><h3 class=\"ultp-block-title\"><a href=\"https:\/\/butemmetal.com\/en\/blog\/yangina-dayanikli-a2-s1-d0-sertifikali-asma-tavanlarin-onemi-nedir\/\">Yang\u0131na Dayan\u0131kl\u0131 A2-S1-D0 Sertifikal\u0131 Asma Tavanlar\u0131n \u00d6nemi Nedir?<\/a><\/h3><div class=\"ultp-block-meta ultp-block-meta-dot ultp-block-meta-icon\"><span class=\"ultp-block-date\"><svg xmlns=\"http:\/\/www.w3.org\/2000\/svg\" viewbox=\"0 0 18 19\"><path d=\"M4.60069444,4.09375 L3.25,4.09375 C2.47334957,4.09375 1.84375,4.72334957 1.84375,5.5 L1.84375,7.26736111 L16.15625,7.26736111 L16.15625,5.5 C16.15625,4.72334957 15.5266504,4.09375 14.75,4.09375 L13.3993056,4.09375 L13.3993056,4.55555556 C13.3993056,5.02154581 13.0215458,5.39930556 12.5555556,5.39930556 C12.0895653,5.39930556 11.7118056,5.02154581 11.7118056,4.55555556 L11.7118056,4.09375 L6.28819444,4.09375 L6.28819444,4.55555556 C6.28819444,5.02154581 5.9104347,5.39930556 5.44444444,5.39930556 C4.97845419,5.39930556 4.60069444,5.02154581 4.60069444,4.55555556 L4.60069444,4.09375 Z M6.28819444,2.40625 L11.7118056,2.40625 L11.7118056,1 C11.7118056,0.534009742 12.0895653,0.15625 12.5555556,0.15625 C13.0215458,0.15625 13.3993056,0.534009742 13.3993056,1 L13.3993056,2.40625 L14.75,2.40625 C16.4586309,2.40625 17.84375,3.79136906 17.84375,5.5 L17.84375,15.875 C17.84375,17.5836309 16.4586309,18.96875 14.75,18.96875 L3.25,18.96875 C1.54136906,18.96875 0.15625,17.5836309 0.15625,15.875 L0.15625,5.5 C0.15625,3.79136906 1.54136906,2.40625 3.25,2.40625 L4.60069444,2.40625 L4.60069444,1 C4.60069444,0.534009742 4.97845419,0.15625 5.44444444,0.15625 C5.9104347,0.15625 6.28819444,0.534009742 6.28819444,1 L6.28819444,2.40625 Z M1.84375,8.95486111 L1.84375,15.875 C1.84375,16.6516504 2.47334957,17.28125 3.25,17.28125 L14.75,17.28125 C15.5266504,17.28125 16.15625,16.6516504 16.15625,15.875 L16.15625,8.95486111 L1.84375,8.95486111 Z\" \/><\/svg>Apr 13, 2026<\/span><\/div><div class=\"ultp-block-excerpt\"><p>Yang\u0131na Dayan\u0131kl\u0131 A2-S1-D0 Sertifikal\u0131 Asma Tavanlar\u0131n \u00d6nemi Nedir? Yang\u0131na Dayan\u0131kl\u0131 A2-S1-D0 Sertifikal\u0131 Asma Tavanlar\u0131n \u00d6nemi Nedir? Modern&hellip;<\/p>\n<\/div><div class=\"ultp-block-readmore\"><a aria-label=\"Yang\u0131na Dayan\u0131kl\u0131 A2-S1-D0 Sertifikal\u0131 Asma Tavanlar\u0131n \u00d6nemi Nedir?\" href=\"https:\/\/butemmetal.com\/en\/blog\/yangina-dayanikli-a2-s1-d0-sertifikali-asma-tavanlarin-onemi-nedir\/\">Devam\u0131n\u0131 Oku<svg enable-background=\"new 0 0 477.175 477.175\" version=\"1.1\" viewbox=\"0 0 477.18 477.18\"><path d=\"m360.73 229.08-225.1-225.1c-5.3-5.3-13.8-5.3-19.1 0s-5.3 13.8 0 19.1l215.5 215.5-215.5 215.5c-5.3 5.3-5.3 13.8 0 19.1 2.6 2.6 6.1 4 9.5 4s6.9-1.3 9.5-4l225.1-225.1c5.3-5.2 5.3-13.8 0.1-19z\"><\/path><\/svg><\/a><\/div><\/div><\/div><\/div><div class=\"ultp-block-item post-id-8293\"><div class=\"ultp-block-content-wrap\"><div class=\"ultp-block-image ultp-block-image-opacity\"><a href=\"https:\/\/butemmetal.com\/en\/blog\/karbon-ayak-izini-dusuren-akilli-asma-tavan-cozumleri\/\"><img decoding=\"async\" alt=\"Karbon Ayak \u0130zini D\u00fc\u015f\u00fcren Metal Asma Tavan \u00c7\u00f6z\u00fcmleri\" src=\"https:\/\/butemmetal.com\/wp-content\/uploads\/2026\/04\/websiteng-870x570.webp\" \/><\/a><\/div><div class=\"ultp-block-content\"><h3 class=\"ultp-block-title\"><a href=\"https:\/\/butemmetal.com\/en\/blog\/karbon-ayak-izini-dusuren-akilli-asma-tavan-cozumleri\/\">Karbon Ayak \u0130zini D\u00fc\u015f\u00fcren Ak\u0131ll\u0131 Asma Tavan \u00c7\u00f6z\u00fcmleri<\/a><\/h3><div class=\"ultp-block-meta ultp-block-meta-dot ultp-block-meta-icon\"><span class=\"ultp-block-date\"><svg xmlns=\"http:\/\/www.w3.org\/2000\/svg\" viewbox=\"0 0 18 19\"><path d=\"M4.60069444,4.09375 L3.25,4.09375 C2.47334957,4.09375 1.84375,4.72334957 1.84375,5.5 L1.84375,7.26736111 L16.15625,7.26736111 L16.15625,5.5 C16.15625,4.72334957 15.5266504,4.09375 14.75,4.09375 L13.3993056,4.09375 L13.3993056,4.55555556 C13.3993056,5.02154581 13.0215458,5.39930556 12.5555556,5.39930556 C12.0895653,5.39930556 11.7118056,5.02154581 11.7118056,4.55555556 L11.7118056,4.09375 L6.28819444,4.09375 L6.28819444,4.55555556 C6.28819444,5.02154581 5.9104347,5.39930556 5.44444444,5.39930556 C4.97845419,5.39930556 4.60069444,5.02154581 4.60069444,4.55555556 L4.60069444,4.09375 Z M6.28819444,2.40625 L11.7118056,2.40625 L11.7118056,1 C11.7118056,0.534009742 12.0895653,0.15625 12.5555556,0.15625 C13.0215458,0.15625 13.3993056,0.534009742 13.3993056,1 L13.3993056,2.40625 L14.75,2.40625 C16.4586309,2.40625 17.84375,3.79136906 17.84375,5.5 L17.84375,15.875 C17.84375,17.5836309 16.4586309,18.96875 14.75,18.96875 L3.25,18.96875 C1.54136906,18.96875 0.15625,17.5836309 0.15625,15.875 L0.15625,5.5 C0.15625,3.79136906 1.54136906,2.40625 3.25,2.40625 L4.60069444,2.40625 L4.60069444,1 C4.60069444,0.534009742 4.97845419,0.15625 5.44444444,0.15625 C5.9104347,0.15625 6.28819444,0.534009742 6.28819444,1 L6.28819444,2.40625 Z M1.84375,8.95486111 L1.84375,15.875 C1.84375,16.6516504 2.47334957,17.28125 3.25,17.28125 L14.75,17.28125 C15.5266504,17.28125 16.15625,16.6516504 16.15625,15.875 L16.15625,8.95486111 L1.84375,8.95486111 Z\" \/><\/svg>Apr 6, 2026<\/span><\/div><div class=\"ultp-block-excerpt\"><p>Karbon Ayak \u0130zini D\u00fc\u015f\u00fcren Ak\u0131ll\u0131 Asma Tavan \u00c7\u00f6z\u00fcmleri Karbon Ayak \u0130zini D\u00fc\u015f\u00fcren Ak\u0131ll\u0131 Asma Tavan \u00c7\u00f6z\u00fcmleri G\u00fcn\u00fcm\u00fczde&hellip;<\/p>\n<\/div><div class=\"ultp-block-readmore\"><a aria-label=\"Karbon Ayak \u0130zini D\u00fc\u015f\u00fcren Ak\u0131ll\u0131 Asma Tavan \u00c7\u00f6z\u00fcmleri\" href=\"https:\/\/butemmetal.com\/en\/blog\/karbon-ayak-izini-dusuren-akilli-asma-tavan-cozumleri\/\">Devam\u0131n\u0131 Oku<svg enable-background=\"new 0 0 477.175 477.175\" version=\"1.1\" viewbox=\"0 0 477.18 477.18\"><path d=\"m360.73 229.08-225.1-225.1c-5.3-5.3-13.8-5.3-19.1 0s-5.3 13.8 0 19.1l215.5 215.5-215.5 215.5c-5.3 5.3-5.3 13.8 0 19.1 2.6 2.6 6.1 4 9.5 4s6.9-1.3 9.5-4l225.1-225.1c5.3-5.2 5.3-13.8 0.1-19z\"><\/path><\/svg><\/a><\/div><\/div><\/div><\/div><\/div><div class=\"ultp-pagination-wrap ultp-pagination-ajax-action\" data-paged=\"1\" data-expost=\"\" data-blockid=\"0ddfbf\" data-postid=\"3999\" data-pages=\"8\" data-blockname=\"ultimate-post_post-grid-1\" data-selfpostid=\"yes\"><ul class=\"ultp-pagination\"><li class=\"ultp-prev-page-numbers\"><a href=\"https:\/\/butemmetal.com\/en\/wp-json\/wp\/v2\/pages\/3999\/\"><svg enable-background=\"new 0 0 477.175 477.175\" version=\"1.1\" viewbox=\"0 0 477.18 477.18\"><path d=\"m145.19 238.58 215.5-215.5c5.3-5.3 5.3-13.8 0-19.1s-13.8-5.3-19.1 0l-225.1 225.1c-5.3 5.3-5.3 13.8 0 19.1l225.1 225c2.6 2.6 6.1 4 9.5 4s6.9-1.3 9.5-4c5.3-5.3 5.3-13.8 0-19.1l-215.4-215.5z\"><\/path><\/svg> Former<\/a><\/li><li class=\"ultp-first-pages\" data-current=\"1\"><a href=\"https:\/\/butemmetal.com\/en\/wp-json\/wp\/v2\/pages\/3999\/\">1<\/a><\/li><li><a href=\"#\">&#8230;<\/a><\/li><li class=\"ultp-center-item pagination-active\" data-current=\"1\"><a href=\"https:\/\/butemmetal.com\/en\/wp-json\/wp\/v2\/pages\/3999\/\">1<\/a><\/li><li class=\"ultp-center-item\" data-current=\"2\"><a href=\"https:\/\/butemmetal.com\/en\/wp-json\/wp\/v2\/pages\/3999\/page\/2\/\">2<\/a><\/li><li class=\"ultp-center-item\" data-current=\"3\"><a href=\"https:\/\/butemmetal.com\/en\/wp-json\/wp\/v2\/pages\/3999\/page\/3\/\">3<\/a><\/li><li class=\"ultp-last-dot\"><a href=\"#\">&#8230;<\/a><\/li><li class=\"ultp-last-pages\" data-current=\"8\"><a href=\"https:\/\/butemmetal.com\/en\/wp-json\/wp\/v2\/pages\/3999\/page\/8\/\">8<\/a><\/li><li class=\"ultp-next-page-numbers\"><a href=\"https:\/\/butemmetal.com\/en\/wp-json\/wp\/v2\/pages\/3999\/page\/2\/\">Next<svg enable-background=\"new 0 0 477.175 477.175\" version=\"1.1\" viewbox=\"0 0 477.18 477.18\"><path d=\"m360.73 229.08-225.1-225.1c-5.3-5.3-13.8-5.3-19.1 0s-5.3 13.8 0 19.1l215.5 215.5-215.5 215.5c-5.3 5.3-5.3 13.8 0 19.1 2.6 2.6 6.1 4 9.5 4s6.9-1.3 9.5-4l225.1-225.1c5.3-5.2 5.3-13.8 0.1-19z\"><\/path><\/svg><\/a><\/li><\/ul><\/div><\/div><\/div><\/div><\/div>\n<\/div><\/div><\/section>\n\n\n\n<p><\/p>","protected":false},"excerpt":{"rendered":"","protected":false},"author":1,"featured_media":0,"parent":0,"menu_order":0,"comment_status":"closed","ping_status":"closed","template":"template-gutentor-full-width.php","meta":{"_joinchat":[],"footnotes":""},"class_list":["post-3999","page","type-page","status-publish","hentry"],"aioseo_notices":[],"_links":{"self":[{"href":"https:\/\/butemmetal.com\/en\/wp-json\/wp\/v2\/pages\/3999","targetHints":{"allow":["GET"]}}],"collection":[{"href":"https:\/\/butemmetal.com\/en\/wp-json\/wp\/v2\/pages"}],"about":[{"href":"https:\/\/butemmetal.com\/en\/wp-json\/wp\/v2\/types\/page"}],"author":[{"embeddable":true,"href":"https:\/\/butemmetal.com\/en\/wp-json\/wp\/v2\/users\/1"}],"replies":[{"embeddable":true,"href":"https:\/\/butemmetal.com\/en\/wp-json\/wp\/v2\/comments?post=3999"}],"version-history":[{"count":17,"href":"https:\/\/butemmetal.com\/en\/wp-json\/wp\/v2\/pages\/3999\/revisions"}],"predecessor-version":[{"id":8275,"href":"https:\/\/butemmetal.com\/en\/wp-json\/wp\/v2\/pages\/3999\/revisions\/8275"}],"wp:attachment":[{"href":"https:\/\/butemmetal.com\/en\/wp-json\/wp\/v2\/media?parent=3999"}],"curies":[{"name":"wp","href":"https:\/\/api.w.org\/{rel}","templated":true}]}}