{"id":4406,"date":"2024-08-28T12:34:02","date_gmt":"2024-08-28T09:34:02","guid":{"rendered":"https:\/\/butemmetal.com\/?page_id=4406"},"modified":"2025-12-26T14:23:58","modified_gmt":"2025-12-26T11:23:58","slug":"plank","status":"publish","type":"page","link":"https:\/\/butemmetal.com\/en\/plank\/","title":{"rendered":"Plank"},"content":{"rendered":"<section id=\"g-ibnbl9g\" class=\"wp-block-gutentor-m4 section-g-ibnbl9g gutentor-module gutentor-advanced-columns has-color-bg has-custom-bg gutentor-equal-column-height\"><div class=\"grid-container\"><div class=\"grid-row\">\n<div id=\"col-g-x10xmzx\" class=\"wp-block-gutentor-m4-col col-g-x10xmzx gutentor-single-column  grid-lg-6 grid-md-12 grid-11 wow slideInUp\" data-wow-animation=\"slideInUp\" data-wow-iteration=\"1\"><div id=\"section-g-x10xmzx\" class=\"section-g-x10xmzx gutentor-col-wrap has-color-bg has-custom-bg has-gutentor-overlay\">\n<div id=\"section-g-7l27zlo\" class=\"wp-block-gutentor-e0 section-g-7l27zlo gutentor-element gutentor-element-advanced-text\"><div class=\"gutentor-text-wrap\"><p class=\"gutentor-text\">Metal Suspended Ceiling Systems <\/p><\/div><\/div>\n\n\n\n<div id=\"section-g-ioedzoo\" class=\"wp-block-gutentor-e0 section-g-ioedzoo gutentor-element gutentor-element-advanced-text\"><div class=\"gutentor-text-wrap\"><p class=\"gutentor-text\">Plank<\/p><\/div><\/div>\n<\/div><\/div>\n\n\n\n<div id=\"col-g-x21irw1\" class=\"wp-block-gutentor-m4-col col-g-x21irw1 gutentor-single-column  grid-lg-6 grid-md-12 grid-1\"><div id=\"section-g-x21irw1\" class=\"section-g-x21irw1 gutentor-col-wrap\"><\/div><\/div>\n<\/div><\/div><\/section>\n\n\n\n<section id=\"g-pjdvmel\" class=\"wp-block-gutentor-m4 section-g-pjdvmel gutentor-module gutentor-advanced-columns\"><div class=\"grid-container\"><div class=\"grid-row\">\n<div id=\"col-g-klhbf0m\" class=\"wp-block-gutentor-m4-col col-g-klhbf0m gutentor-single-column  grid-lg-12 grid-md-12 grid-12\"><div id=\"section-g-klhbf0m\" class=\"section-g-klhbf0m gutentor-col-wrap\">\n<section id=\"g-l6al1ll\" class=\"wp-block-gutentor-m4 section-g-l6al1ll gutentor-module gutentor-advanced-columns\"><div class=\"grid-container\"><div class=\"grid-row\">\n<div id=\"col-g-1bvz1pj\" class=\"wp-block-gutentor-m4-col col-g-1bvz1pj gutentor-single-column  grid-lg-12 grid-md-12 grid-12\"><div id=\"section-g-1bvz1pj\" class=\"section-g-1bvz1pj gutentor-col-wrap\"><div class=\"wp-block-ultimate-post-post-grid-1 ultp-block-188955\"><div class=\"ultp-block-wrapper\"><div class=\"ultp-loading\"><div class=\"ultp-loading-blocks\" style=\"width:100%;height:100%\"><div style=\"left: 0;top: 0\"><\/div><div style=\"left: 21px;top: 0\"><\/div><div style=\"left: 42px;top: 0\"><\/div><div style=\"left: 0;top: 21px\"><\/div><div style=\"left: 42px;top: 21px\"><\/div><div style=\"left: 0;top: 42px\"><\/div><div style=\"left: 42px;top: 42px\"><\/div><div style=\"left: 21px;top: 42px\"><\/div><\/div><\/div><div class=\"ultp-heading-filter\"><div class=\"ultp-heading-filter-in\"><div class=\"ultp-filter-navigation\"><\/div><\/div><\/div><div class=\"ultp-block-items-wrap ultp-block-row ultp-pg1a-style1 ultp-block-column-3 ultp-layout1\"><div class=\"ultp-block-item post-id-4651\"><div class=\"ultp-block-content-wrap\"><div class=\"ultp-block-image ultp-block-image-opacity\"><a href=\"https:\/\/butemmetal.com\/en\/metal-tavan-sistemleri\/plank\/clip-in-koridor\/\"><img decoding=\"async\" alt=\"Clip-in Koridor Sistem\" src=\"https:\/\/butemmetal.com\/wp-content\/uploads\/2024\/09\/TDS-Clip-in-Corridor-System.jpg\" \/><\/a><\/div><div class=\"ultp-block-content\"><h3 class=\"ultp-block-title\"><a href=\"https:\/\/butemmetal.com\/en\/metal-tavan-sistemleri\/plank\/clip-in-koridor\/\">Clip-In Corridor Suspended Ceiling System<\/a><\/h3><\/div><\/div><\/div><div class=\"ultp-block-item post-id-4863\"><div class=\"ultp-block-content-wrap\"><div class=\"ultp-block-image ultp-block-image-opacity\"><a href=\"https:\/\/butemmetal.com\/en\/metal-tavan-sistemleri\/plank\/bandraster\/\"><img decoding=\"async\" alt=\"Bandraster Sistem\" src=\"https:\/\/butemmetal.com\/wp-content\/uploads\/2024\/10\/TDS-Bandraster-System.jpg\" \/><\/a><\/div><div class=\"ultp-block-content\"><h3 class=\"ultp-block-title\"><a href=\"https:\/\/butemmetal.com\/en\/metal-tavan-sistemleri\/plank\/bandraster\/\">Bandraster Suspended Ceiling System<\/a><\/h3><\/div><\/div><\/div><div class=\"ultp-block-item post-id-4879\"><div class=\"ultp-block-content-wrap\"><div class=\"ultp-block-image ultp-block-image-opacity\"><a href=\"https:\/\/butemmetal.com\/en\/metal-tavan-sistemleri\/plank\/box\/\"><img decoding=\"async\" alt=\"Box Sistem\" src=\"https:\/\/butemmetal.com\/wp-content\/uploads\/2024\/10\/TDS-Box-System-1.jpg\" \/><\/a><\/div><div class=\"ultp-block-content\"><h3 class=\"ultp-block-title\"><a href=\"https:\/\/butemmetal.com\/en\/metal-tavan-sistemleri\/plank\/box\/\">Box Suspended Ceiling System<\/a><\/h3><\/div><\/div><\/div><div class=\"ultp-block-item post-id-5523\"><div class=\"ultp-block-content-wrap\"><div class=\"ultp-block-image ultp-block-image-opacity\"><a href=\"https:\/\/butemmetal.com\/en\/metal-tavan-sistemleri\/plank\/hook-on\/\"><img decoding=\"async\" alt=\"Hook-On Sistem\" src=\"https:\/\/butemmetal.com\/wp-content\/uploads\/2024\/10\/TDS-Hook-on-System-Ana-Tasiyici-Tij-dubel-baglanti-metod-1.jpg\" \/><\/a><\/div><div class=\"ultp-block-content\"><h3 class=\"ultp-block-title\"><a href=\"https:\/\/butemmetal.com\/en\/metal-tavan-sistemleri\/plank\/hook-on\/\">Hook-On Suspended Ceiling System<\/a><\/h3><\/div><\/div><\/div><div class=\"ultp-block-item post-id-5524\"><div class=\"ultp-block-content-wrap\"><div class=\"ultp-block-image ultp-block-image-opacity\"><a href=\"https:\/\/butemmetal.com\/en\/metal-tavan-sistemleri\/plank\/hook-on-koridor\/\"><img decoding=\"async\" alt=\"Hook-On Koridor Sistem\" src=\"https:\/\/butemmetal.com\/wp-content\/uploads\/2024\/10\/TDS-Hook-on-Corridor-System-Type1-2.jpg\" \/><\/a><\/div><div class=\"ultp-block-content\"><h3 class=\"ultp-block-title\"><a href=\"https:\/\/butemmetal.com\/en\/metal-tavan-sistemleri\/plank\/hook-on-koridor\/\">Hook-On Corridor Suspended Ceiling System<\/a><\/h3><\/div><\/div><\/div><div class=\"ultp-block-item post-id-5552\"><div class=\"ultp-block-content-wrap\"><div class=\"ultp-block-image ultp-block-image-opacity\"><a href=\"https:\/\/butemmetal.com\/en\/metal-tavan-sistemleri\/plank\/torsiyon-yayli-sistem\/\"><img decoding=\"async\" alt=\"Torsiyon Yayl\u0131 Sistem\" src=\"https:\/\/butemmetal.com\/wp-content\/uploads\/2024\/10\/TDS-Torsiyon-Yayli-Sistem-1.jpg\" \/><\/a><\/div><div class=\"ultp-block-content\"><h3 class=\"ultp-block-title\"><a href=\"https:\/\/butemmetal.com\/en\/metal-tavan-sistemleri\/plank\/torsiyon-yayli-sistem\/\">Torsion Spring Suspended Ceiling System<\/a><\/h3><\/div><\/div><\/div><div class=\"ultp-block-item post-id-5707\"><div class=\"ultp-block-content-wrap\"><div class=\"ultp-block-image ultp-block-image-opacity\"><a href=\"https:\/\/butemmetal.com\/en\/metal-tavan-sistemleri\/plank\/clip-in-heavy-duty-l-ana-tasiyici\/\"><img decoding=\"async\" alt=\"Clip-in Heavy Duty L Ana Ta\u015f\u0131y\u0131c\u0131\" src=\"https:\/\/butemmetal.com\/wp-content\/uploads\/2024\/10\/TDS-Clip-in-Heavy-Duty-Access-Panel-System.jpg\" \/><\/a><\/div><div class=\"ultp-block-content\"><h3 class=\"ultp-block-title\"><a href=\"https:\/\/butemmetal.com\/en\/metal-tavan-sistemleri\/plank\/clip-in-heavy-duty-l-ana-tasiyici\/\">Clip-in Heavy Duty L Main Carrier<\/a><\/h3><\/div><\/div><\/div><div class=\"ultp-block-item post-id-6543\"><div class=\"ultp-block-content-wrap\"><div class=\"ultp-block-image ultp-block-image-opacity\"><a href=\"https:\/\/butemmetal.com\/en\/metal-tavan-sistemleri\/plank\/lego-tavan\/\"><img decoding=\"async\" alt=\"Lego Tavan\" src=\"https:\/\/butemmetal.com\/wp-content\/uploads\/2024\/11\/TDS-Lego-Loop-Systems-alt.jpg\" \/><\/a><\/div><div class=\"ultp-block-content\"><h3 class=\"ultp-block-title\"><a href=\"https:\/\/butemmetal.com\/en\/metal-tavan-sistemleri\/plank\/lego-tavan\/\">Lego Suspended Ceiling System<\/a><\/h3><\/div><\/div><\/div><\/div><div class=\"ultp-pagination-wrap ultp-pagination-ajax-action\" data-paged=\"1\" data-expost=\"\" data-blockid=\"188955\" data-postid=\"4406\" data-pages=\"1\" data-blockname=\"ultimate-post_post-grid-1\" data-selfpostid=\"yes\"><\/div><\/div><\/div><\/div><\/div>\n<\/div><\/div><\/section>\n<\/div><\/div>\n<\/div><\/div><\/section>\n\n\n\n<h2 class=\"wp-block-heading\">B\u00fctem Metal and Plank Metal Suspended Ceiling Systems<\/h2>\n\n\n\n<p>Plank metal ceiling solutions, an important part of B\u00fctem Metal ceiling systems, fully meet the aesthetic, durability, and accessibility requirements demanded by modern interiors. Comprising long and wide panels, these systems are ideal for projects seeking a sense of continuity and a sophisticated appearance on the ceiling surface.<\/p>\n\n\n\n<h2 class=\"wp-block-heading\">Which Plank Ceiling Systems Can Be Applied?<\/h2>\n\n\n\n<p>Plank <a href=\"https:\/\/butemmetal.com\/en\/metal-tavan-sistemlerimi\/\"><strong>metal suspended ceiling<\/strong><\/a> the sub-systems under this category are designed to provide architectural flexibility and ease of installation.<\/p>\n\n\n\n<ul class=\"wp-block-list\">\n<li><strong>Hook-On <\/strong><strong>Suspended Ceiling System<\/strong><strong>: <\/strong>It consists of panels suspended from a secure and stable support using hooks. The hook-on metal suspended ceiling allows panels to be easily removed and reinstalled without special tools, providing quick access to overhead installations. This feature makes the system highly advantageous in terms of maintenance and repairs.<\/li>\n\n\n\n<li><strong>Clip-in Corridor <\/strong><strong>Suspended Ceiling System<\/strong><strong>:<\/strong> It is a metal suspended ceiling solution specifically designed for corridors and narrow spaces. The panels create a smooth, seamless appearance on the ceiling surface, maximizing visual continuity. This metal suspended ceiling system also allows for quick installation.<\/li>\n\n\n\n<li><strong>Box <\/strong><strong>Suspended Ceiling System<\/strong><strong>:<\/strong> It is a type of Plank metal suspended ceiling that uses wide supports and large panels, creating a strong architectural impact in the space. This metal suspended ceiling system meets architectural design expectations for wide spans, offering a striking aesthetic.<\/li>\n\n\n\n<li><strong>Bandraster <\/strong><strong>Suspended Ceiling System<\/strong> The Bandraster system is a modern ceiling solution where the supporting profiles serve both structural and aesthetic purposes. The support lines conceal lighting fixtures, electrical cables, and other installation elements, creating a clean and organized ceiling appearance. Since the panels sit on top of the supports, installation and maintenance can be carried out easily. In addition to standard sizes, larger and custom-sized panel options are also available to meet project requirements.<\/li>\n<\/ul>\n\n\n\n<p>What Are the Advantages of Plank Metal Ceiling Systems?<\/p>\n\n\n\n<p>Key Reasons to Choose B\u00fctem Metal Plank Suspended Ceiling Systems:<\/p>\n\n\n\n<ul class=\"wp-block-list\">\n<li><strong>Durability and Long Lifespan:<\/strong> Panels made from aluminum or galvanized raw materials offer high resistance to moisture and impact.<\/li>\n\n\n\n<li><strong>Easy Access:<\/strong> Thanks to our metal suspended ceiling systems, especially Hook-on types, accessing mechanical, electrical, and ventilation systems above the ceiling is extremely convenient.<\/li>\n\n\n\n<li><strong>Aesthetic Variety:<\/strong> With different color, perforation, and size options, it adapts to any interior design concept.<\/li>\n\n\n\n<li><strong>Acoustic Performance:<\/strong> Sound absorption can be enhanced by adding acoustic felt, thereby improving the acoustic comfort of spaces.<\/li>\n<\/ul>\n\n\n\n<p>To select the most suitable Plank metal suspended ceiling solution for your project <strong>B\u00fctem Metal<\/strong> You can contact our expert team<\/p>","protected":false},"excerpt":{"rendered":"<p>B\u00fctem Metal ile Plank Metal Asma Tavan Sistemleri B\u00fctem Metal tavan sistemleri kategorisinin \u00f6nemli bir par\u00e7as\u0131 olan Plank metal tavan \u00e7\u00f6z\u00fcmleri, modern i\u00e7 mekanlar\u0131n gerektirdi\u011fi estetik, dayan\u0131kl\u0131l\u0131k ve eri\u015filebilirlik ihtiya\u00e7lar\u0131n\u0131 en \u00fcst d\u00fczeyde kar\u015f\u0131lar. Uzun ve geni\u015f panellerden olu\u015fan bu sistemler, tavan y\u00fczeyinde b\u00fct\u00fcnl\u00fck ve sofistike bir g\u00f6r\u00fcn\u00fcm arayan projeler i\u00e7in idealdir. Plank metal asma [&hellip;]<\/p>","protected":false},"author":1,"featured_media":0,"parent":0,"menu_order":0,"comment_status":"closed","ping_status":"closed","template":"template-gutentor-full-width.php","meta":{"_joinchat":[],"footnotes":""},"class_list":["post-4406","page","type-page","status-publish","hentry"],"aioseo_notices":[],"_links":{"self":[{"href":"https:\/\/butemmetal.com\/en\/wp-json\/wp\/v2\/pages\/4406","targetHints":{"allow":["GET"]}}],"collection":[{"href":"https:\/\/butemmetal.com\/en\/wp-json\/wp\/v2\/pages"}],"about":[{"href":"https:\/\/butemmetal.com\/en\/wp-json\/wp\/v2\/types\/page"}],"author":[{"embeddable":true,"href":"https:\/\/butemmetal.com\/en\/wp-json\/wp\/v2\/users\/1"}],"replies":[{"embeddable":true,"href":"https:\/\/butemmetal.com\/en\/wp-json\/wp\/v2\/comments?post=4406"}],"version-history":[{"count":68,"href":"https:\/\/butemmetal.com\/en\/wp-json\/wp\/v2\/pages\/4406\/revisions"}],"predecessor-version":[{"id":7267,"href":"https:\/\/butemmetal.com\/en\/wp-json\/wp\/v2\/pages\/4406\/revisions\/7267"}],"wp:attachment":[{"href":"https:\/\/butemmetal.com\/en\/wp-json\/wp\/v2\/media?parent=4406"}],"curies":[{"name":"wp","href":"https:\/\/api.w.org\/{rel}","templated":true}]}}