{"id":4589,"date":"2024-09-03T13:26:18","date_gmt":"2024-09-03T10:26:18","guid":{"rendered":"https:\/\/butemmetal.com\/?page_id=4589"},"modified":"2026-02-25T13:23:17","modified_gmt":"2026-02-25T10:23:17","slug":"lineer","status":"publish","type":"page","link":"https:\/\/butemmetal.com\/en\/lineer\/","title":{"rendered":"Lineer"},"content":{"rendered":"<section id=\"g-ibnbl9g\" class=\"wp-block-gutentor-m4 section-g-ibnbl9g gutentor-module gutentor-advanced-columns has-color-bg has-custom-bg gutentor-equal-column-height\"><div class=\"grid-container\"><div class=\"grid-row\">\n<div id=\"col-g-x10xmzx\" class=\"wp-block-gutentor-m4-col col-g-x10xmzx gutentor-single-column  grid-lg-6 grid-md-12 grid-11 wow slideInUp\" data-wow-animation=\"slideInUp\" data-wow-iteration=\"1\"><div id=\"section-g-x10xmzx\" class=\"section-g-x10xmzx gutentor-col-wrap has-color-bg has-custom-bg has-gutentor-overlay\">\n<div id=\"section-g-7l27zlo\" class=\"wp-block-gutentor-e0 section-g-7l27zlo gutentor-element gutentor-element-advanced-text\"><div class=\"gutentor-text-wrap\"><p class=\"gutentor-text\">Metal Suspended Ceiling Systems <\/p><\/div><\/div>\n\n\n\n<div id=\"section-g-ioedzoo\" class=\"wp-block-gutentor-e0 section-g-ioedzoo gutentor-element gutentor-element-advanced-text\"><div class=\"gutentor-text-wrap\"><h1 class=\"gutentor-text\">Lineer Asma Tavan<\/h1><\/div><\/div>\n<\/div><\/div>\n\n\n\n<div id=\"col-g-x21irw1\" class=\"wp-block-gutentor-m4-col col-g-x21irw1 gutentor-single-column  grid-lg-6 grid-md-12 grid-1\"><div id=\"section-g-x21irw1\" class=\"section-g-x21irw1 gutentor-col-wrap\"><\/div><\/div>\n<\/div><\/div><\/section>\n\n\n\n<section id=\"g-pjdvmel\" class=\"wp-block-gutentor-m4 section-g-pjdvmel gutentor-module gutentor-advanced-columns\"><div class=\"grid-container\"><div class=\"grid-row\">\n<div id=\"col-g-klhbf0m\" class=\"wp-block-gutentor-m4-col col-g-klhbf0m gutentor-single-column  grid-lg-12 grid-md-12 grid-12\"><div id=\"section-g-klhbf0m\" class=\"section-g-klhbf0m gutentor-col-wrap\">\n<section id=\"g-l6al1ll\" class=\"wp-block-gutentor-m4 section-g-l6al1ll gutentor-module gutentor-advanced-columns\"><div class=\"grid-container\"><div class=\"grid-row\">\n<div id=\"col-g-1bvz1pj\" class=\"wp-block-gutentor-m4-col col-g-1bvz1pj gutentor-single-column  grid-lg-12 grid-md-12 grid-12\"><div id=\"section-g-1bvz1pj\" class=\"section-g-1bvz1pj gutentor-col-wrap\"><div class=\"wp-block-ultimate-post-post-grid-1 ultp-block-0d3b66\"><div class=\"ultp-block-wrapper\"><div class=\"ultp-loading\"><div class=\"ultp-loading-blocks\" style=\"width:100%;height:100%\"><div style=\"left: 0;top: 0\"><\/div><div style=\"left: 21px;top: 0\"><\/div><div style=\"left: 42px;top: 0\"><\/div><div style=\"left: 0;top: 21px\"><\/div><div style=\"left: 42px;top: 21px\"><\/div><div style=\"left: 0;top: 42px\"><\/div><div style=\"left: 42px;top: 42px\"><\/div><div style=\"left: 21px;top: 42px\"><\/div><\/div><\/div><div class=\"ultp-heading-filter\"><div class=\"ultp-heading-filter-in\"><div class=\"ultp-filter-navigation\"><\/div><\/div><\/div><div class=\"ultp-block-items-wrap ultp-block-row ultp-pg1a-style1 ultp-block-column-3 ultp-layout1\"><div class=\"ultp-block-item post-id-4925\"><div class=\"ultp-block-content-wrap\"><div class=\"ultp-block-image ultp-block-image-opacity\"><a href=\"https:\/\/butemmetal.com\/en\/metal-tavan-sistemleri\/lineer\/mutlipanel\/\"><img decoding=\"async\" alt=\"Multipanel Sistem\" src=\"https:\/\/butemmetal.com\/wp-content\/uploads\/2024\/10\/multipanel.jpg\" \/><\/a><\/div><div class=\"ultp-block-content\"><h3 class=\"ultp-block-title\"><a href=\"https:\/\/butemmetal.com\/en\/metal-tavan-sistemleri\/lineer\/mutlipanel\/\">Multipanel Suspended Ceiling System<\/a><\/h3><\/div><\/div><\/div><div class=\"ultp-block-item post-id-4934\"><div class=\"ultp-block-content-wrap\"><div class=\"ultp-block-image ultp-block-image-opacity\"><a href=\"https:\/\/butemmetal.com\/en\/metal-tavan-sistemleri\/lineer\/baffle\/\"><img decoding=\"async\" alt=\"Baffle Sistem\" src=\"https:\/\/butemmetal.com\/wp-content\/uploads\/2024\/10\/baffle.jpg\" \/><\/a><\/div><div class=\"ultp-block-content\"><h3 class=\"ultp-block-title\"><a href=\"https:\/\/butemmetal.com\/en\/metal-tavan-sistemleri\/lineer\/baffle\/\">Baffle System<\/a><\/h3><\/div><\/div><\/div><div class=\"ultp-block-item post-id-6549\"><div class=\"ultp-block-content-wrap\"><div class=\"ultp-block-image ultp-block-image-opacity\"><a href=\"https:\/\/butemmetal.com\/en\/metal-tavan-sistemleri\/lineer\/slimline\/\"><img decoding=\"async\" alt=\"Slimline Sistem\" src=\"https:\/\/butemmetal.com\/wp-content\/uploads\/2024\/11\/TDS-Slimline-System-alt.jpg\" \/><\/a><\/div><div class=\"ultp-block-content\"><h3 class=\"ultp-block-title\"><a href=\"https:\/\/butemmetal.com\/en\/metal-tavan-sistemleri\/lineer\/slimline\/\">Slimline Suspended Ceiling System<\/a><\/h3><\/div><\/div><\/div><\/div><div class=\"ultp-pagination-wrap ultp-pagination-ajax-action\" data-paged=\"1\" data-expost=\"\" data-blockid=\"0d3b66\" data-postid=\"4589\" data-pages=\"1\" data-blockname=\"ultimate-post_post-grid-1\" data-selfpostid=\"yes\"><\/div><\/div><\/div><\/div><\/div>\n<\/div><\/div><\/section>\n<\/div><\/div>\n<\/div><\/div><\/section>\n\n\n\n<p><\/p>\n\n\n\n<h2 class=\"wp-block-heading\">B\u00fctem Metal Lineer Metal Asma Tavan Sistemleri<\/h2>\n\n\n\n<p>B\u00fctem Metal\u2019in lineer asma tavan \u00e7\u00f6z\u00fcmleri, modern mimari projeler i\u00e7in estetik ve dayan\u0131kl\u0131l\u0131\u011f\u0131 bir araya getiren yenilik\u00e7i sistemler sunar. Bu \u00f6zel koleksiyon, farkl\u0131 i\u00e7 mek\u00e2nlara kusursuz uyum sa\u011flayan metal tavan tasar\u0131mlar\u0131yla hem g\u00f6rsel b\u00fct\u00fcnl\u00fc\u011f\u00fc hem de fonksiyonelli\u011fi art\u0131r\u0131r.<\/p>\n\n\n\n<h2 class=\"wp-block-heading\">Featured Lineer Suspended Ceiling Products<\/h2>\n\n\n\n<p>Lineer asma metal tavan serimizde yer alan yenilik\u00e7i sistemleri ke\u015ffedin. Multipanel Asma Tavan Sistemi, kolay montaj ve esnek tasar\u0131m imk\u00e2n\u0131 sunarken; <a href=\"https:\/\/butemmetal.com\/en\/metal-tavan-sistemleri\/lineer\/baffle\/\"><strong>Baffle Suspended Ceiling<\/strong><\/a> sistemi, derin ve dinamik bir g\u00f6r\u00fcn\u00fcm olu\u015fturarak mek\u00e2na modern bir karakter kazand\u0131r\u0131r. Slimline Asma Tavan Sistemi ise minimalist ve zarif \u00e7izgileriyle \u00f6ne \u00e7\u0131kan bir di\u011fer metal tavan \u00e7\u00f6z\u00fcm\u00fcd\u00fcr.<\/p>\n\n\n\n<p>Projeleriniz i\u00e7in ideal Lineer asma tavan modelini se\u00e7ebilir, sa\u011flam yap\u0131s\u0131 sayesinde uzun \u00f6m\u00fcrl\u00fc kullan\u0131m sa\u011flayan baffle tavan ve di\u011fer metal tavan sistemlerimizle hem \u015f\u0131kl\u0131\u011f\u0131 hem de dayan\u0131kl\u0131l\u0131\u011f\u0131 bir arada elde edebilirsiniz.<\/p>\n\n\n\n<p><\/p>","protected":false},"excerpt":{"rendered":"<p>B\u00fctem Metal Lineer Metal Asma Tavan Sistemleri B\u00fctem Metal\u2019in lineer asma tavan \u00e7\u00f6z\u00fcmleri, modern mimari projeler i\u00e7in estetik ve dayan\u0131kl\u0131l\u0131\u011f\u0131 bir araya getiren yenilik\u00e7i sistemler sunar. Bu \u00f6zel koleksiyon, farkl\u0131 i\u00e7 mek\u00e2nlara kusursuz uyum sa\u011flayan metal tavan tasar\u0131mlar\u0131yla hem g\u00f6rsel b\u00fct\u00fcnl\u00fc\u011f\u00fc hem de fonksiyonelli\u011fi art\u0131r\u0131r. \u00d6ne \u00c7\u0131kan Lineer Asma Tavan \u00dcr\u00fcnleri Lineer asma metal tavan [&hellip;]<\/p>","protected":false},"author":1,"featured_media":0,"parent":0,"menu_order":0,"comment_status":"closed","ping_status":"closed","template":"template-gutentor-full-width.php","meta":{"_joinchat":[],"footnotes":""},"class_list":["post-4589","page","type-page","status-publish","hentry"],"aioseo_notices":[],"_links":{"self":[{"href":"https:\/\/butemmetal.com\/en\/wp-json\/wp\/v2\/pages\/4589","targetHints":{"allow":["GET"]}}],"collection":[{"href":"https:\/\/butemmetal.com\/en\/wp-json\/wp\/v2\/pages"}],"about":[{"href":"https:\/\/butemmetal.com\/en\/wp-json\/wp\/v2\/types\/page"}],"author":[{"embeddable":true,"href":"https:\/\/butemmetal.com\/en\/wp-json\/wp\/v2\/users\/1"}],"replies":[{"embeddable":true,"href":"https:\/\/butemmetal.com\/en\/wp-json\/wp\/v2\/comments?post=4589"}],"version-history":[{"count":13,"href":"https:\/\/butemmetal.com\/en\/wp-json\/wp\/v2\/pages\/4589\/revisions"}],"predecessor-version":[{"id":8186,"href":"https:\/\/butemmetal.com\/en\/wp-json\/wp\/v2\/pages\/4589\/revisions\/8186"}],"wp:attachment":[{"href":"https:\/\/butemmetal.com\/en\/wp-json\/wp\/v2\/media?parent=4589"}],"curies":[{"name":"wp","href":"https:\/\/api.w.org\/{rel}","templated":true}]}}