{"id":4592,"date":"2024-09-03T13:29:30","date_gmt":"2024-09-03T10:29:30","guid":{"rendered":"https:\/\/butemmetal.com\/?page_id=4592"},"modified":"2026-03-05T13:04:38","modified_gmt":"2026-03-05T10:04:38","slug":"opencell","status":"publish","type":"page","link":"https:\/\/butemmetal.com\/en\/opencell\/","title":{"rendered":"Opencell"},"content":{"rendered":"<section id=\"g-ibnbl9g\" class=\"wp-block-gutentor-m4 section-g-ibnbl9g gutentor-module gutentor-advanced-columns has-color-bg has-custom-bg gutentor-equal-column-height\"><div class=\"grid-container\"><div class=\"grid-row\">\n<div id=\"col-g-x10xmzx\" class=\"wp-block-gutentor-m4-col col-g-x10xmzx gutentor-single-column  grid-lg-6 grid-md-12 grid-6 wow slideInUp\" data-wow-animation=\"slideInUp\" data-wow-iteration=\"1\"><div id=\"section-g-x10xmzx\" class=\"section-g-x10xmzx gutentor-col-wrap has-color-bg has-custom-bg has-gutentor-overlay\">\n<div id=\"section-g-7l27zlo\" class=\"wp-block-gutentor-e0 section-g-7l27zlo gutentor-element gutentor-element-advanced-text\"><div class=\"gutentor-text-wrap\"><p class=\"gutentor-text\">Metal Suspended Ceiling Systems <\/p><\/div><\/div>\n\n\n\n<div id=\"section-g-ioedzoo\" class=\"wp-block-gutentor-e0 section-g-ioedzoo gutentor-element gutentor-element-advanced-text\"><div class=\"gutentor-text-wrap\"><p class=\"gutentor-text\">Opencell<\/p><\/div><\/div>\n<\/div><\/div>\n\n\n\n<div id=\"col-g-x21irw1\" class=\"wp-block-gutentor-m4-col col-g-x21irw1 gutentor-single-column  grid-lg-6 grid-md-12 grid-6\"><div id=\"section-g-x21irw1\" class=\"section-g-x21irw1 gutentor-col-wrap\"><\/div><\/div>\n<\/div><\/div><\/section>\n\n\n\n<section id=\"g-pjdvmel\" class=\"wp-block-gutentor-m4 section-g-pjdvmel gutentor-module gutentor-advanced-columns\"><div class=\"grid-container\"><div class=\"grid-row\">\n<div id=\"col-g-klhbf0m\" class=\"wp-block-gutentor-m4-col col-g-klhbf0m gutentor-single-column  grid-lg-12 grid-md-12 grid-12\"><div id=\"section-g-klhbf0m\" class=\"section-g-klhbf0m gutentor-col-wrap\">\n<section id=\"g-l6al1ll\" class=\"wp-block-gutentor-m4 section-g-l6al1ll gutentor-module gutentor-advanced-columns\"><div class=\"grid-container\"><div class=\"grid-row\">\n<div id=\"col-g-1bvz1pj\" class=\"wp-block-gutentor-m4-col col-g-1bvz1pj gutentor-single-column  grid-lg-12 grid-md-12 grid-12\"><div id=\"section-g-1bvz1pj\" class=\"section-g-1bvz1pj gutentor-col-wrap\"><div class=\"wp-block-ultimate-post-post-grid-1 ultp-block-ed92ba\"><div class=\"ultp-block-wrapper\"><div class=\"ultp-loading\"><div class=\"ultp-loading-blocks\" style=\"width:100%;height:100%\"><div style=\"left: 0;top: 0\"><\/div><div style=\"left: 21px;top: 0\"><\/div><div style=\"left: 42px;top: 0\"><\/div><div style=\"left: 0;top: 21px\"><\/div><div style=\"left: 42px;top: 21px\"><\/div><div style=\"left: 0;top: 42px\"><\/div><div style=\"left: 42px;top: 42px\"><\/div><div style=\"left: 21px;top: 42px\"><\/div><\/div><\/div><div class=\"ultp-heading-filter\"><div class=\"ultp-heading-filter-in\"><div class=\"ultp-filter-navigation\"><\/div><\/div><\/div><div class=\"ultp-block-items-wrap ultp-block-row ultp-pg1a-style1 ultp-block-column-3 ultp-layout1\"><div class=\"ultp-block-item post-id-4886\"><div class=\"ultp-block-content-wrap\"><div class=\"ultp-block-image ultp-block-image-opacity\"><a href=\"https:\/\/butemmetal.com\/en\/metal-tavan-sistemleri\/opencell\/t15-petek\/\"><img decoding=\"async\" alt=\"T15 Petek Tavan Sistemi\" src=\"https:\/\/butemmetal.com\/wp-content\/uploads\/2024\/10\/T15-Petek-Tavan.jpg\" \/><\/a><\/div><div class=\"ultp-block-content\"><h3 class=\"ultp-block-title\"><a href=\"https:\/\/butemmetal.com\/en\/metal-tavan-sistemleri\/opencell\/t15-petek\/\">T-15 Opencell Ceiling System<\/a><\/h3><\/div><\/div><\/div><div class=\"ultp-block-item post-id-6559\"><div class=\"ultp-block-content-wrap\"><div class=\"ultp-block-image ultp-block-image-opacity\"><a href=\"https:\/\/butemmetal.com\/en\/metal-tavan-sistemleri\/opencell\/unigrid-petek-tavan\/\"><img decoding=\"async\" alt=\"Unigrid Petek Tavan\" src=\"https:\/\/butemmetal.com\/wp-content\/uploads\/2024\/11\/TDS-Unigrid-Systems-alt.jpg\" \/><\/a><\/div><div class=\"ultp-block-content\"><h3 class=\"ultp-block-title\"><a href=\"https:\/\/butemmetal.com\/en\/metal-tavan-sistemleri\/opencell\/unigrid-petek-tavan\/\">Unigrid Opencell Ceiling System<\/a><\/h3><\/div><\/div><\/div><div class=\"ultp-block-item post-id-6567\"><div class=\"ultp-block-content-wrap\"><div class=\"ultp-block-image ultp-block-image-opacity\"><a href=\"https:\/\/butemmetal.com\/en\/metal-tavan-sistemleri\/opencell\/bafflecell-sistem\/\"><img decoding=\"async\" alt=\"Bafflecell Sistem\" src=\"https:\/\/butemmetal.com\/wp-content\/uploads\/2024\/11\/TDS-BAFFLECELL-System-alt.jpg\" \/><\/a><\/div><div class=\"ultp-block-content\"><h3 class=\"ultp-block-title\"><a href=\"https:\/\/butemmetal.com\/en\/metal-tavan-sistemleri\/opencell\/bafflecell-sistem\/\">Bafflecell Suspended Ceiling System<\/a><\/h3><\/div><\/div><\/div><div class=\"ultp-block-item post-id-6618\"><div class=\"ultp-block-content-wrap\"><div class=\"ultp-block-image ultp-block-image-opacity\"><a href=\"https:\/\/butemmetal.com\/en\/metal-tavan-sistemleri\/opencell\/demonte-petek-tavan\/\"><img decoding=\"async\" alt=\"Demonte Petek Tavan Sistemi\" src=\"https:\/\/butemmetal.com\/wp-content\/uploads\/2024\/11\/1D-02-Demonte-Petek-System-alt.jpg\" \/><\/a><\/div><div class=\"ultp-block-content\"><h3 class=\"ultp-block-title\"><a href=\"https:\/\/butemmetal.com\/en\/metal-tavan-sistemleri\/opencell\/demonte-petek-tavan\/\">Demontable Opencell Ceiling System<\/a><\/h3><\/div><\/div><\/div><\/div><div class=\"ultp-pagination-wrap ultp-pagination-ajax-action\" data-paged=\"1\" data-expost=\"\" data-blockid=\"ed92ba\" data-postid=\"4592\" data-pages=\"1\" data-blockname=\"ultimate-post_post-grid-1\" data-selfpostid=\"yes\"><\/div><\/div><\/div><\/div><\/div>\n<\/div><\/div><\/section>\n<\/div><\/div>\n<\/div><\/div><\/section>\n\n\n\n<h2 class=\"wp-block-heading\">Opencell Metal Suspended Ceiling Systems<\/h2>\n\n\n\n<p>Opencell tavan, modern i\u00e7 mek\u00e2nlar i\u00e7in en pop\u00fcler \u00e7\u00f6z\u00fcmlerden biridir. Halk aras\u0131nda petek asma tavan olarak da bilinen bu sistem, hafif yap\u0131s\u0131 ve mod\u00fcler tasar\u0131m\u0131 sayesinde, metal asma tavan uygulamalar\u0131yla birle\u015fti\u011finde mek\u00e2nda a\u00e7\u0131kl\u0131k ve derinlik hissi olu\u015fturur. Bu tavanlar \u00f6zellikle ofislerde, havaalanlar\u0131nda ve al\u0131\u015fveri\u015f merkezlerinde hem i\u015flevsellik hem de estetik a\u00e7\u0131s\u0131ndan tercih edilir.<\/p>\n\n\n\n<h2 class=\"wp-block-heading\">Petek Asma Tavan Sistemi Nedir?<\/h2>\n\n\n\n<p>Opencell tavan sistemi, \u0131zgara benzeri yap\u0131ya sahip mod\u00fcler bir tasar\u0131md\u0131r. Metal profilleri sayesinde dayan\u0131kl\u0131d\u0131r ve bak\u0131m kolayl\u0131\u011f\u0131 sa\u011flar. Bir\u00e7ok mimar, genel metal asma tavan sistemleri ile tam uyumlu olmas\u0131, havaland\u0131rma ve ayd\u0131nlatma esnekli\u011fi sunmas\u0131 nedeniyle petek tavan \u00e7\u00f6z\u00fcmlerini projelerine dahil eder.<\/p>\n\n\n\n<ul class=\"wp-block-list\">\n<li>Hava ak\u0131\u015f\u0131n\u0131 ve akustik konforu art\u0131r\u0131r: Akustik performans gerekiyorsa, h\u00fccrelerin \u00fczerine camy\u00fcn\u00fc veya akustik ke\u00e7e gibi bir pad yerle\u015ftirilerek ses yutumu art\u0131r\u0131labilir; petek asma tavan yap\u0131s\u0131 g\u00fcr\u00fclt\u00fcy\u00fc da\u011f\u0131tarak yank\u0131y\u0131 azalt\u0131r.<\/li>\n\n\n\n<li>Modern ayd\u0131nlatma tasar\u0131mlar\u0131yla uyumludur.<\/li>\n\n\n\n<li>Gizli tesisatlara kolay eri\u015fim sa\u011flar.<\/li>\n\n\n\n<li>Farkl\u0131 boyut ve y\u00fczey se\u00e7enekleri sunar.<\/li>\n<\/ul>\n\n\n\n<h2 class=\"wp-block-heading\">Neden Petek Tavan Sistemi Tercih Edilmeli?<\/h2>\n\n\n\n<p>Opencell Tavan Sistemleri, y\u00fczeyde h\u00fccresel bir desen olu\u015fturan yenilik\u00e7i metal asma tavan \u00e7\u00f6z\u00fcmleridir. \u0130\u00e7 mek\u00e2nlara derinlik ve ferahl\u0131k kazand\u0131r\u0131r. Hafif al\u00fcminyum yap\u0131s\u0131 sayesinde binaya ek y\u00fck bindirmez. Estetik bir petek tavan uygulamas\u0131, ayd\u0131nlatma ve havaland\u0131rma sistemleriyle m\u00fckemmel bir entegrasyon sa\u011flar.<\/p>\n\n\n\n<blockquote class=\"wp-block-quote is-layout-flow wp-block-quote-is-layout-flow\">\n<p>T15 Mod\u00fcler ve Kendinden Ta\u015f\u0131y\u0131c\u0131 Se\u00e7enekler: Her iki sistem tipi de hem yap\u0131sal hem de estetik ihtiya\u00e7lar\u0131 kar\u015f\u0131layan \u00e7\u00f6z\u00fcmler sunar. Petek asma tavan sistemleri; ula\u015f\u0131labilirlik ve teknik performans\u0131 bir araya getirerek modern mimaride fark yarat\u0131r.<\/p>\n<\/blockquote>\n\n\n\n<h2 class=\"wp-block-heading\">Petek Asma Tavan Sistemi Tasar\u0131m\u0131 Nas\u0131l G\u00fc\u00e7lendirir?<\/h2>\n\n\n\n<p>Opencell tavanlar, mimarlara benzersiz ve \u015f\u0131k i\u00e7 mek\u00e2nlar tasarlama imk\u00e2n\u0131 sunar. Yap\u0131s\u0131, fonksiyonelli\u011fi korurken mek\u00e2na derinlik kazand\u0131r\u0131r. \u015e\u0131k bir petek tavan tasar\u0131m\u0131, di\u011fer metal asma tavan elemanlar\u0131 ile birle\u015ftirilerek profesyonel ve zarif sonu\u00e7lar elde edilmesini sa\u011flar.<\/p>\n\n\n\n<ul class=\"wp-block-list\">\n<li>Mek\u00e2nsal alg\u0131y\u0131 art\u0131r\u0131r.<\/li>\n\n\n\n<li>Entegre ayd\u0131nlatma ile m\u00fckemmel uyum sa\u011flar.<\/li>\n\n\n\n<li>Modern i\u00e7 mimari projelerini g\u00fc\u00e7lendirir.<\/li>\n<\/ul>\n\n\n\n<hr class=\"wp-block-separator has-alpha-channel-opacity\"\/>\n\n\n\n<h2 class=\"wp-block-heading\">Petek Asma Tavanla ile \u0130lgili S\u0131k Sorulan Sorular<\/h2>\n\n\n\n<p><strong>What are the main advantages of the Opencell ceiling system?<\/strong> Opencell tavan sistemi, daha iyi havaland\u0131rma, kolay montaj ve geni\u015f mek\u00e2nlara uygun modern bir estetik sunar. Petek asma tavan yap\u0131s\u0131, tavan arkas\u0131ndaki tesisat\u0131 gizlerken eri\u015filebilirli\u011fi maksimumda tutar.<\/p>\n\n\n\n<p><strong>Where are Open-cell ceilings used?<\/strong> Ofisler, havaalanlar\u0131, perakende ma\u011fazalar\u0131 ve kamu binalar\u0131nda modern g\u00f6r\u00fcn\u00fcm\u00fc ve bak\u0131m kolayl\u0131\u011f\u0131 nedeniyle yayg\u0131n olarak uygulan\u0131r. Dayan\u0131kl\u0131 bir <strong>metal suspended ceiling<\/strong> t\u00fcr\u00fc olmas\u0131 sebebiyle uzun \u00f6m\u00fcrl\u00fc kullan\u0131m sunar.<\/p>\n\n\n\n<p><strong>Petek tavan montaj\u0131 zor mudur?<\/strong> Hay\u0131r, mod\u00fcler yap\u0131s\u0131 sayesinde olduk\u00e7a h\u0131zl\u0131 ve pratik bir \u015fekilde monte edilebilir, bu da projelerde zaman tasarrufu sa\u011flar.<\/p>","protected":false},"excerpt":{"rendered":"<p>Opencell Metal Asma Tavan Sistemleri Opencell tavan, modern i\u00e7 mek\u00e2nlar i\u00e7in en pop\u00fcler \u00e7\u00f6z\u00fcmlerden biridir. Halk aras\u0131nda petek asma tavan olarak da bilinen bu sistem, hafif yap\u0131s\u0131 ve mod\u00fcler tasar\u0131m\u0131 sayesinde, metal asma tavan uygulamalar\u0131yla birle\u015fti\u011finde mek\u00e2nda a\u00e7\u0131kl\u0131k ve derinlik hissi olu\u015fturur. Bu tavanlar \u00f6zellikle ofislerde, havaalanlar\u0131nda ve al\u0131\u015fveri\u015f merkezlerinde hem i\u015flevsellik hem de estetik [&hellip;]<\/p>","protected":false},"author":1,"featured_media":0,"parent":0,"menu_order":0,"comment_status":"closed","ping_status":"closed","template":"template-gutentor-full-width.php","meta":{"_joinchat":[],"footnotes":""},"class_list":["post-4592","page","type-page","status-publish","hentry"],"aioseo_notices":[],"_links":{"self":[{"href":"https:\/\/butemmetal.com\/en\/wp-json\/wp\/v2\/pages\/4592","targetHints":{"allow":["GET"]}}],"collection":[{"href":"https:\/\/butemmetal.com\/en\/wp-json\/wp\/v2\/pages"}],"about":[{"href":"https:\/\/butemmetal.com\/en\/wp-json\/wp\/v2\/types\/page"}],"author":[{"embeddable":true,"href":"https:\/\/butemmetal.com\/en\/wp-json\/wp\/v2\/users\/1"}],"replies":[{"embeddable":true,"href":"https:\/\/butemmetal.com\/en\/wp-json\/wp\/v2\/comments?post=4592"}],"version-history":[{"count":23,"href":"https:\/\/butemmetal.com\/en\/wp-json\/wp\/v2\/pages\/4592\/revisions"}],"predecessor-version":[{"id":8214,"href":"https:\/\/butemmetal.com\/en\/wp-json\/wp\/v2\/pages\/4592\/revisions\/8214"}],"wp:attachment":[{"href":"https:\/\/butemmetal.com\/en\/wp-json\/wp\/v2\/media?parent=4592"}],"curies":[{"name":"wp","href":"https:\/\/api.w.org\/{rel}","templated":true}]}}