{"id":4601,"date":"2024-09-03T13:36:52","date_gmt":"2024-09-03T10:36:52","guid":{"rendered":"https:\/\/butemmetal.com\/?page_id=4601"},"modified":"2025-12-26T14:25:54","modified_gmt":"2025-12-26T11:25:54","slug":"ada-panel","status":"publish","type":"page","link":"https:\/\/butemmetal.com\/en\/ada-panel\/","title":{"rendered":"Island Panel"},"content":{"rendered":"<section id=\"g-ibnbl9g\" class=\"wp-block-gutentor-m4 section-g-ibnbl9g gutentor-module gutentor-advanced-columns has-color-bg has-custom-bg gutentor-equal-column-height\"><div class=\"grid-container\"><div class=\"grid-row\">\n<div id=\"col-g-x10xmzx\" class=\"wp-block-gutentor-m4-col col-g-x10xmzx gutentor-single-column  grid-lg-6 grid-md-12 grid-11 wow slideInUp\" data-wow-animation=\"slideInUp\" data-wow-iteration=\"1\"><div id=\"section-g-x10xmzx\" class=\"section-g-x10xmzx gutentor-col-wrap has-color-bg has-custom-bg has-gutentor-overlay\">\n<div id=\"section-g-7l27zlo\" class=\"wp-block-gutentor-e0 section-g-7l27zlo gutentor-element gutentor-element-advanced-text\"><div class=\"gutentor-text-wrap\"><p class=\"gutentor-text\">Metal Suspended Ceiling Systems <\/p><\/div><\/div>\n\n\n\n<div id=\"section-g-ioedzoo\" class=\"wp-block-gutentor-e0 section-g-ioedzoo gutentor-element gutentor-element-advanced-text\"><div class=\"gutentor-text-wrap\"><h1 class=\"gutentor-text\">Ada Panel Metal Suspended Ceiling<\/h1><\/div><\/div>\n<\/div><\/div>\n\n\n\n<div id=\"col-g-x21irw1\" class=\"wp-block-gutentor-m4-col col-g-x21irw1 gutentor-single-column  grid-lg-6 grid-md-12 grid-1\"><div id=\"section-g-x21irw1\" class=\"section-g-x21irw1 gutentor-col-wrap\"><\/div><\/div>\n<\/div><\/div><\/section>\n\n\n\n<p><\/p>\n\n\n\n<p><\/p>\n\n\n\n<div class=\"wp-block-group\"><div class=\"wp-block-group__inner-container is-layout-constrained wp-block-group-is-layout-constrained\">\n<h2 class=\"wp-block-heading has-normal-font-size\"><strong>B\u00fctem Metal Island Panel Suspended Systems<\/strong><\/h2>\n\n\n\n<ul class=\"wp-block-list\">\n<li>Discover the innovative metal suspended ceiling systems from B\u00fctem Metal featuring specialized metal suspended ceiling solutions. Our Island Panel systems, offering exceptional metal suspended ceiling design, are engineered to create unique focal points and excellent acoustic performance in any space. The aesthetic appeal of our Island panel metal ceiling options allows architects to define zones and enhance lighting design easily.<\/li>\n<\/ul>\n\n\n\n<h2 class=\"wp-block-heading has-normal-font-size\"><strong>Key Island Panel Suspended Systems<\/strong><\/h2>\n\n\n\n<ul class=\"wp-block-list\">\n<li>Our flexible <strong><a href=\"https:\/\/butemmetal.com\/en\/metal-tavan-sistemlerimi\/\" title=\"\">metal suspended ceiling<\/a> <\/strong>Island panel offerings include the classic Straight Edge Island Panel System and the design-focused Circular Island Panel System. These products utilize the secure Island Hook On system for easy and effective installation.<\/li>\n<\/ul>\n<\/div><\/div>\n\n\n\n<p><\/p>\n\n\n\n<section id=\"g-pjdvmel\" class=\"wp-block-gutentor-m4 section-g-pjdvmel gutentor-module gutentor-advanced-columns\"><div class=\"grid-container\"><div class=\"grid-row\">\n<div id=\"col-g-klhbf0m\" class=\"wp-block-gutentor-m4-col col-g-klhbf0m gutentor-single-column  grid-lg-12 grid-md-12 grid-12\"><div id=\"section-g-klhbf0m\" class=\"section-g-klhbf0m gutentor-col-wrap\">\n<section id=\"g-l6al1ll\" class=\"wp-block-gutentor-m4 section-g-l6al1ll gutentor-module gutentor-advanced-columns\"><div class=\"grid-container\"><div class=\"grid-row\">\n<div id=\"col-g-1bvz1pj\" class=\"wp-block-gutentor-m4-col col-g-1bvz1pj gutentor-single-column  grid-lg-12 grid-md-12 grid-12\"><div id=\"section-g-1bvz1pj\" class=\"section-g-1bvz1pj gutentor-col-wrap\"><div class=\"wp-block-ultimate-post-post-grid-1 ultp-block-e7619a\"><div class=\"ultp-block-wrapper\"><div class=\"ultp-loading\"><div class=\"ultp-loading-blocks\" style=\"width:100%;height:100%\"><div style=\"left: 0;top: 0\"><\/div><div style=\"left: 21px;top: 0\"><\/div><div style=\"left: 42px;top: 0\"><\/div><div style=\"left: 0;top: 21px\"><\/div><div style=\"left: 42px;top: 21px\"><\/div><div style=\"left: 0;top: 42px\"><\/div><div style=\"left: 42px;top: 42px\"><\/div><div style=\"left: 21px;top: 42px\"><\/div><\/div><\/div><div class=\"ultp-heading-filter\"><div class=\"ultp-heading-filter-in\"><div class=\"ultp-filter-navigation\"><\/div><\/div><\/div><div class=\"ultp-block-items-wrap ultp-block-row ultp-pg1a-style1 ultp-block-column-3 ultp-layout1\"><div class=\"ultp-block-item post-id-6579\"><div class=\"ultp-block-content-wrap\"><div class=\"ultp-block-image ultp-block-image-opacity\"><a href=\"https:\/\/butemmetal.com\/en\/metal-tavan-sistemleri\/ada-panel\/duz-kenarli-ada\/\"><img decoding=\"async\" alt=\"D\u00fcz Kenarl\u0131 Ada Panel\" src=\"https:\/\/butemmetal.com\/wp-content\/uploads\/2024\/11\/TDS-Duz-Kenarli-Ada-Panel-alt.jpg\" \/><\/a><\/div><div class=\"ultp-block-content\"><h3 class=\"ultp-block-title\"><a href=\"https:\/\/butemmetal.com\/en\/metal-tavan-sistemleri\/ada-panel\/duz-kenarli-ada\/\">Straight Edge Island Panel System<\/a><\/h3><\/div><\/div><\/div><div class=\"ultp-block-item post-id-6645\"><div class=\"ultp-block-content-wrap\"><div class=\"ultp-block-image ultp-block-image-opacity\"><a href=\"https:\/\/butemmetal.com\/en\/metal-tavan-sistemleri\/ada-panel\/dairesel-ada-panel\/\"><img decoding=\"async\" alt=\"Dairesel Ada Panel\" src=\"https:\/\/butemmetal.com\/wp-content\/uploads\/2024\/11\/1G-01-Dairesel-Ada-Panel-alt.jpg\" \/><\/a><\/div><div class=\"ultp-block-content\"><h3 class=\"ultp-block-title\"><a href=\"https:\/\/butemmetal.com\/en\/metal-tavan-sistemleri\/ada-panel\/dairesel-ada-panel\/\">Circular Island Panel System<\/a><\/h3><\/div><\/div><\/div><\/div><div class=\"ultp-pagination-wrap ultp-pagination-ajax-action\" data-paged=\"1\" data-expost=\"\" data-blockid=\"e7619a\" data-postid=\"4601\" data-pages=\"1\" data-blockname=\"ultimate-post_post-grid-1\" data-selfpostid=\"yes\"><\/div><\/div><\/div><\/div><\/div>\n<\/div><\/div><\/section>\n<\/div><\/div>\n<\/div><\/div><\/section>\n\n\n\n<p><\/p>","protected":false},"excerpt":{"rendered":"<p>B\u00fctem Metal Island Panel Asma Sistemleri \u00d6ne \u00c7\u0131kan Island Panel Asma Sistemleri<\/p>","protected":false},"author":1,"featured_media":0,"parent":0,"menu_order":0,"comment_status":"closed","ping_status":"closed","template":"template-gutentor-full-width.php","meta":{"_joinchat":[],"footnotes":""},"class_list":["post-4601","page","type-page","status-publish","hentry"],"aioseo_notices":[],"_links":{"self":[{"href":"https:\/\/butemmetal.com\/en\/wp-json\/wp\/v2\/pages\/4601","targetHints":{"allow":["GET"]}}],"collection":[{"href":"https:\/\/butemmetal.com\/en\/wp-json\/wp\/v2\/pages"}],"about":[{"href":"https:\/\/butemmetal.com\/en\/wp-json\/wp\/v2\/types\/page"}],"author":[{"embeddable":true,"href":"https:\/\/butemmetal.com\/en\/wp-json\/wp\/v2\/users\/1"}],"replies":[{"embeddable":true,"href":"https:\/\/butemmetal.com\/en\/wp-json\/wp\/v2\/comments?post=4601"}],"version-history":[{"count":16,"href":"https:\/\/butemmetal.com\/en\/wp-json\/wp\/v2\/pages\/4601\/revisions"}],"predecessor-version":[{"id":7268,"href":"https:\/\/butemmetal.com\/en\/wp-json\/wp\/v2\/pages\/4601\/revisions\/7268"}],"wp:attachment":[{"href":"https:\/\/butemmetal.com\/en\/wp-json\/wp\/v2\/media?parent=4601"}],"curies":[{"name":"wp","href":"https:\/\/api.w.org\/{rel}","templated":true}]}}