{"id":5260,"date":"2024-10-13T23:35:31","date_gmt":"2024-10-13T20:35:31","guid":{"rendered":"https:\/\/butemmetal.com\/?page_id=5260"},"modified":"2026-03-30T15:20:24","modified_gmt":"2026-03-30T12:20:24","slug":"metal-duvar-sistemleri","status":"publish","type":"page","link":"https:\/\/butemmetal.com\/en\/metal-duvar-sistemleri\/","title":{"rendered":"Metal Wall Systems"},"content":{"rendered":"<section id=\"g-ibnbl9g\" class=\"wp-block-gutentor-m4 section-g-ibnbl9g gutentor-module gutentor-advanced-columns has-color-bg has-custom-bg gutentor-equal-column-height\"><div class=\"grid-container\"><div class=\"grid-row\">\n<div id=\"col-g-x10xmzx\" class=\"wp-block-gutentor-m4-col col-g-x10xmzx gutentor-single-column  grid-lg-6 grid-md-12 grid-6 wow slideInUp\" data-wow-animation=\"slideInUp\" data-wow-iteration=\"1\"><div id=\"section-g-x10xmzx\" class=\"section-g-x10xmzx gutentor-col-wrap\">\n<div id=\"section-g-ioedzoo\" class=\"wp-block-gutentor-e0 section-g-ioedzoo gutentor-element gutentor-element-advanced-text\"><div class=\"gutentor-text-wrap\"><p class=\"gutentor-text\">Metal Wall Systems<\/p><\/div><\/div>\n<\/div><\/div>\n\n\n\n<div id=\"col-g-x21irw1\" class=\"wp-block-gutentor-m4-col col-g-x21irw1 gutentor-single-column  grid-lg-6 grid-md-12 grid-6\"><div id=\"section-g-x21irw1\" class=\"section-g-x21irw1 gutentor-col-wrap\"><\/div><\/div>\n<\/div><\/div><\/section>\n\n\n\n<section id=\"g-pjdvmel\" class=\"wp-block-gutentor-m4 section-g-pjdvmel gutentor-module gutentor-advanced-columns\"><div class=\"grid-container\"><div class=\"grid-row\">\n<div id=\"col-g-klhbf0m\" class=\"wp-block-gutentor-m4-col col-g-klhbf0m gutentor-single-column  grid-lg-12 grid-md-12 grid-12\"><div id=\"section-g-klhbf0m\" class=\"section-g-klhbf0m gutentor-col-wrap\">\n<h2 class=\"wp-block-heading\">B\u00fctem Metal ile Estetik D\u0131\u015f Cephe Kaplama \u00c7\u00f6z\u00fcmleri<\/h2>\n\n\n\n<p>Modern mimarinin ihtiya\u00e7 duydu\u011fu y\u00fcksek standartlar\u0131 kar\u015f\u0131layan B\u00fctem Metal, yap\u0131lar\u0131n \u00e7ehresini de\u011fi\u015ftiren d\u0131\u015f cephe kaplama \u00e7\u00f6z\u00fcmleriyle sekt\u00f6rde fark yaratmaktad\u0131r. Geli\u015ftirdi\u011fimiz yenilik\u00e7i sistemler, binalar\u0131n\u0131za sadece estetik bir de\u011fer katmakla kalmaz, ayn\u0131 zamanda zorlu iklim ko\u015fullar\u0131na kar\u015f\u0131 \u00fcst\u00fcn bir koruma kalkan\u0131 olu\u015fturur. Farkl\u0131 tasar\u0131m vizyonlar\u0131na hitap eden geni\u015f yelpazedeki <a href=\"https:\/\/butemmetal.com\/en\/metal-duvar\/dis-cephe-kaplama-sistemi\/\"><strong>d\u0131\u015f cephe kaplama<\/strong><\/a> modelleri, mimari esnekli\u011fi destekleyerek projelerinize \u00f6zg\u00fcn bir karakter kazand\u0131r\u0131r. Uzun \u00f6m\u00fcrl\u00fc ve bak\u0131m gerektirmeyen metal panellerimiz, binalar\u0131n hem g\u00fcvenli\u011fini hem de modern g\u00f6r\u00fcn\u00fcm\u00fcn\u00fc uzun y\u0131llar muhafaza eder.<\/p>\n\n\n\n<h2 class=\"wp-block-heading\">\u0130\u00e7 Mekanlarda Fonksiyonel \u015e\u0131kl\u0131k: \u0130\u00e7 Cephe Duvar Kaplama<\/h2>\n\n\n\n<p>\u0130\u00e7 mekan tasar\u0131mlar\u0131nda fonksiyonellik ile zarafeti birle\u015ftiren B\u00fctem Metal, profesyonel&nbsp; &nbsp; &nbsp; &nbsp; &nbsp; <a href=\"https:\/\/butemmetal.com\/en\/metal-duvar-sistemleri\/ic-cephe-kaplama-sistemi\/\"><strong>i\u00e7 cephe kaplama<\/strong><\/a><strong> <\/strong>sistemleriyle mekanlar\u0131n\u0131za de\u011fer katar. \u00d6zellikle y\u00fcksek dayan\u0131kl\u0131l\u0131\u011fa sahip metal duvar kaplama panelleri, ofislerden al\u0131\u015fveri\u015f merkezlerine kadar geni\u015f bir kullan\u0131m alan\u0131nda estetik bir b\u00fct\u00fcnl\u00fck sa\u011flar. Uygulama kolayl\u0131\u011f\u0131 ve mod\u00fcler yap\u0131s\u0131yla \u00f6ne \u00e7\u0131kan i\u00e7 cephe duvar kaplama \u00e7\u00f6z\u00fcmlerimiz \u015fu avantajlar\u0131 sunmaktad\u0131r:<\/p>\n\n\n\n<ul class=\"wp-block-list\">\n<li><strong>\u00c7e\u015fitli Sistem Se\u00e7enekleri:<\/strong> Projenize uygun Clip-in, Pimli veya estetik Baffle sistem \u00e7\u00f6z\u00fcmleri.<\/li>\n\n\n\n<li><strong>Y\u00fcksek Dayan\u0131kl\u0131l\u0131k:<\/strong> Darbelere ve a\u015f\u0131nmaya kar\u015f\u0131 diren\u00e7li, uzun \u00f6m\u00fcrl\u00fc metal yap\u0131.<\/li>\n\n\n\n<li><strong>Modern Tasar\u0131m:<\/strong> Metal asma tavan ve duvar panelleriyle uyumlu, \u00e7a\u011fda\u015f i\u00e7 mekan g\u00f6r\u00fcn\u00fcmleri.<\/li>\n\n\n\n<li><strong>Mimari Esneklik:<\/strong> Geni\u015f renk ve form se\u00e7enekleriyle her t\u00fcrl\u00fc dekoratif tarza adaptasyon.<\/li>\n<\/ul>\n\n\n\n<p>B\u00fctem Metal, hem i\u00e7 hem de d\u0131\u015f mekan projelerinizde g\u00fcvenilir ve yenilik\u00e7i metal \u00e7\u00f6z\u00fcmleri \u00fcretmeye devam etmektedir.<\/p>\n<\/div><\/div>\n<\/div><\/div><\/section>\n\n\n\n<p><\/p>","protected":false},"excerpt":{"rendered":"","protected":false},"author":1,"featured_media":0,"parent":0,"menu_order":0,"comment_status":"closed","ping_status":"closed","template":"template-gutentor-full-width.php","meta":{"_joinchat":[],"footnotes":""},"class_list":["post-5260","page","type-page","status-publish","hentry"],"aioseo_notices":[],"_links":{"self":[{"href":"https:\/\/butemmetal.com\/en\/wp-json\/wp\/v2\/pages\/5260","targetHints":{"allow":["GET"]}}],"collection":[{"href":"https:\/\/butemmetal.com\/en\/wp-json\/wp\/v2\/pages"}],"about":[{"href":"https:\/\/butemmetal.com\/en\/wp-json\/wp\/v2\/types\/page"}],"author":[{"embeddable":true,"href":"https:\/\/butemmetal.com\/en\/wp-json\/wp\/v2\/users\/1"}],"replies":[{"embeddable":true,"href":"https:\/\/butemmetal.com\/en\/wp-json\/wp\/v2\/comments?post=5260"}],"version-history":[{"count":6,"href":"https:\/\/butemmetal.com\/en\/wp-json\/wp\/v2\/pages\/5260\/revisions"}],"predecessor-version":[{"id":8261,"href":"https:\/\/butemmetal.com\/en\/wp-json\/wp\/v2\/pages\/5260\/revisions\/8261"}],"wp:attachment":[{"href":"https:\/\/butemmetal.com\/en\/wp-json\/wp\/v2\/media?parent=5260"}],"curies":[{"name":"wp","href":"https:\/\/api.w.org\/{rel}","templated":true}]}}