{"id":5261,"date":"2024-10-13T23:40:36","date_gmt":"2024-10-13T20:40:36","guid":{"rendered":"https:\/\/butemmetal.com\/?page_id=5261"},"modified":"2026-03-30T15:22:08","modified_gmt":"2026-03-30T12:22:08","slug":"ic-cephe-kaplama-sistemi","status":"publish","type":"page","link":"https:\/\/butemmetal.com\/en\/metal-duvar-sistemleri\/ic-cephe-kaplama-sistemi\/","title":{"rendered":"Interior Wall Cladding"},"content":{"rendered":"<section id=\"g-ibnbl9g\" class=\"wp-block-gutentor-m4 section-g-ibnbl9g gutentor-module gutentor-advanced-columns has-color-bg has-custom-bg gutentor-equal-column-height\"><div class=\"grid-container\"><div class=\"grid-row\">\n<div id=\"col-g-x10xmzx\" class=\"wp-block-gutentor-m4-col col-g-x10xmzx gutentor-single-column  grid-lg-6 grid-md-12 grid-6 wow slideInUp\" data-wow-animation=\"slideInUp\" data-wow-iteration=\"1\"><div id=\"section-g-x10xmzx\" class=\"section-g-x10xmzx gutentor-col-wrap\">\n<div id=\"section-g-7l27zlo\" class=\"wp-block-gutentor-e0 section-g-7l27zlo gutentor-element gutentor-element-advanced-text\"><div class=\"gutentor-text-wrap\"><p class=\"gutentor-text\">Metal Wall Systems <\/p><\/div><\/div>\n\n\n\n<div id=\"section-g-ioedzoo\" class=\"wp-block-gutentor-e0 section-g-ioedzoo gutentor-element gutentor-element-advanced-text\"><div class=\"gutentor-text-wrap\"><p class=\"gutentor-text\">Interior Wall Cladding<\/p><\/div><\/div>\n<\/div><\/div>\n\n\n\n<div id=\"col-g-x21irw1\" class=\"wp-block-gutentor-m4-col col-g-x21irw1 gutentor-single-column  grid-lg-6 grid-md-12 grid-6\"><div id=\"section-g-x21irw1\" class=\"section-g-x21irw1 gutentor-col-wrap\"><\/div><\/div>\n<\/div><\/div><\/section>\n\n\n\n<section id=\"g-pjdvmel\" class=\"wp-block-gutentor-m4 section-g-pjdvmel gutentor-module gutentor-advanced-columns\"><div class=\"grid-container\"><div class=\"grid-row\">\n<div id=\"col-g-klhbf0m\" class=\"wp-block-gutentor-m4-col col-g-klhbf0m gutentor-single-column  grid-lg-12 grid-md-12 grid-12\"><div id=\"section-g-klhbf0m\" class=\"section-g-klhbf0m gutentor-col-wrap\">\n<section id=\"g-l6al1ll\" class=\"wp-block-gutentor-m4 section-g-l6al1ll gutentor-module gutentor-advanced-columns\"><div class=\"grid-container\"><div class=\"grid-row\">\n<div id=\"col-g-1bvz1pj\" class=\"wp-block-gutentor-m4-col col-g-1bvz1pj gutentor-single-column  grid-lg-12 grid-md-12 grid-12\"><div id=\"section-g-1bvz1pj\" class=\"section-g-1bvz1pj gutentor-col-wrap\"><div class=\"wp-block-ultimate-post-post-grid-1 ultp-block-ec8575\"><div class=\"ultp-block-wrapper\"><div class=\"ultp-loading\"><div class=\"ultp-loading-blocks\" style=\"width:100%;height:100%\"><div style=\"left: 0;top: 0\"><\/div><div style=\"left: 21px;top: 0\"><\/div><div style=\"left: 42px;top: 0\"><\/div><div style=\"left: 0;top: 21px\"><\/div><div style=\"left: 42px;top: 21px\"><\/div><div style=\"left: 0;top: 42px\"><\/div><div style=\"left: 42px;top: 42px\"><\/div><div style=\"left: 21px;top: 42px\"><\/div><\/div><\/div><div class=\"ultp-heading-filter\"><div class=\"ultp-heading-filter-in\"><div class=\"ultp-filter-navigation\"><\/div><\/div><\/div><div class=\"ultp-block-items-wrap ultp-block-row ultp-pg1a-style1 ultp-block-column-3 ultp-layout1\"><div class=\"ultp-block-item post-id-5966\"><div class=\"ultp-block-content-wrap\"><div class=\"ultp-block-image ultp-block-image-opacity\"><a href=\"https:\/\/butemmetal.com\/en\/metal-duvar\/ic-cephe-kaplama\/clip-in-sistem-duvar\/\"><img decoding=\"async\" alt=\"Clip-in Sistem\" src=\"https:\/\/butemmetal.com\/wp-content\/uploads\/2024\/10\/TDS-Clip-in-Wall-Panel-System-Locked.jpg\" \/><\/a><\/div><div class=\"ultp-block-content\"><h3 class=\"ultp-block-title\"><a href=\"https:\/\/butemmetal.com\/en\/metal-duvar\/ic-cephe-kaplama\/clip-in-sistem-duvar\/\">Clip-In System<\/a><\/h3><\/div><\/div><\/div><div class=\"ultp-block-item post-id-5973\"><div class=\"ultp-block-content-wrap\"><div class=\"ultp-block-image ultp-block-image-opacity\"><a href=\"https:\/\/butemmetal.com\/en\/metal-duvar\/ic-cephe-kaplama\/pimli-sistem\/\"><img decoding=\"async\" alt=\"Pimli Sistem\" src=\"https:\/\/butemmetal.com\/wp-content\/uploads\/2024\/10\/TDS-Wall-Panel-pimli-sistem-596x570.jpg\" \/><\/a><\/div><div class=\"ultp-block-content\"><h3 class=\"ultp-block-title\"><a href=\"https:\/\/butemmetal.com\/en\/metal-duvar\/ic-cephe-kaplama\/pimli-sistem\/\">Pinned System<\/a><\/h3><\/div><\/div><\/div><div class=\"ultp-block-item post-id-5980\"><div class=\"ultp-block-content-wrap\"><div class=\"ultp-block-image ultp-block-image-opacity\"><a href=\"https:\/\/butemmetal.com\/en\/metal-duvar\/ic-cephe-kaplama\/baffle-duvar\/\"><img decoding=\"async\" alt=\"Metal Duvar Baffle Sistemi - Teknik G\u00f6rsel\" src=\"https:\/\/butemmetal.com\/wp-content\/uploads\/2024\/10\/TDS-Wall-Baffle-Systems.jpg\" \/><\/a><\/div><div class=\"ultp-block-content\"><h3 class=\"ultp-block-title\"><a href=\"https:\/\/butemmetal.com\/en\/metal-duvar\/ic-cephe-kaplama\/baffle-duvar\/\">Baffle System<\/a><\/h3><\/div><\/div><\/div><\/div><div class=\"ultp-pagination-wrap ultp-pagination-ajax-action\" data-paged=\"1\" data-expost=\"\" data-blockid=\"ec8575\" data-postid=\"5261\" data-pages=\"1\" data-blockname=\"ultimate-post_post-grid-1\" data-selfpostid=\"yes\"><\/div><\/div><\/div><\/div><\/div>\n<\/div><\/div><\/section>\n\n\n\n<section id=\"g-yfmceea\" class=\"wp-block-gutentor-m4 section-g-yfmceea gutentor-module gutentor-advanced-columns\"><div class=\"grid-container\"><div class=\"grid-row\">\n<div id=\"col-g-sf3j3st\" class=\"wp-block-gutentor-m4-col col-g-sf3j3st gutentor-single-column  grid-lg-12 grid-md-12 grid-12\"><div id=\"section-g-sf3j3st\" class=\"section-g-sf3j3st gutentor-col-wrap\">\n<h2 class=\"wp-block-heading\">Interior Cladding Solutions with B\u00fctem Metal<\/h2>\n\n\n\n<p>B\u00fctem Metal, modern mimarinin ihtiya\u00e7lar\u0131na uygun i\u00e7 cephe duvar kaplama \u00e7\u00f6z\u00fcmleri ile \u00f6ne \u00e7\u0131kmaktad\u0131r. Geli\u015ftirdi\u011fimiz yenilik\u00e7i sistemler, hem estetik hem de fonksiyonel faydalar sunarak mekanlar\u0131n\u0131za de\u011fer katar. Metal duvar panel ve <a href=\"https:\/\/butemmetal.com\/en\/metal-tavan-sistemlerimi\/\"><strong>asma tavan<\/strong><\/a><strong> <\/strong>\u00e7\u00f6z\u00fcmlerimiz, uzun \u00f6m\u00fcrl\u00fc yap\u0131s\u0131 sayesinde projelerde g\u00fcvenle tercih edilmektedir. Her bir i\u00e7 cephe duvar kaplama projesinde, kalite ve esteti\u011fi bir araya getirmeyi hedefliyoruz.<\/p>\n\n\n\n<h2 class=\"wp-block-heading\">Clip-in, Pinned, and Baffle Systems<\/h2>\n\n\n\n<p>\u00dcr\u00fcn yelpazemiz, farkl\u0131 tasar\u0131m ve uygulama ihtiya\u00e7lar\u0131n\u0131 kar\u015f\u0131layacak geni\u015f bir \u00e7e\u015fitlili\u011fe sahiptir. Modern g\u00f6r\u00fcn\u00fcm\u00fcyle dikkat \u00e7eken sistemlerimizin temel \u00f6zellikleri \u015funlard\u0131r:<\/p>\n\n\n\n<ul class=\"wp-block-list\">\n<li><strong>Clip-in ve Pimli Sistemler:<\/strong> Kolay montaj imkan\u0131 ve p\u00fcr\u00fczs\u00fcz bir i\u00e7 cephe duvar <strong>kaplama<\/strong> g\u00f6r\u00fcn\u00fcm\u00fc sunar.<\/li>\n\n\n\n<li><strong>Baffle Sistemler:<\/strong> \u015e\u0131k tasar\u0131m\u0131 ve fonksiyonelli\u011fi ile ofislerden al\u0131\u015fveri\u015f merkezlerine kadar her t\u00fcrl\u00fc metal duvar panel ihtiyac\u0131na yan\u0131t verir.<\/li>\n\n\n\n<li><strong>Tasar\u0131m Esnekli\u011fi:<\/strong> Farkl\u0131 renk ve doku se\u00e7enekleriyle modern i\u00e7 mekanlara tam uyum sa\u011flar.<\/li>\n<\/ul>\n\n\n\n<h2 class=\"wp-block-heading\">Reliable Cladding with Long-Lasting Metal Wall Panels<\/h2>\n\n\n\n<p>B\u00fctem Metal taraf\u0131ndan sunulan metal duvar panel sistemleri, hem dayan\u0131kl\u0131 yap\u0131s\u0131 hem de tasar\u0131m esnekli\u011fi ile farkl\u0131 projelerde uygulanabilmektedir. Estetik g\u00f6r\u00fcn\u00fcmleri sayesinde modern i\u00e7 mekanlara uyum sa\u011flar ve ayn\u0131 zamanda uzun y\u0131llar sorunsuz kullan\u0131m imkan\u0131 sunar. B\u00fctem Metal, her t\u00fcrl\u00fc metal duvar panel ve metal asma tavan ihtiyac\u0131n\u0131z i\u00e7in profesyonel \u00e7\u00f6z\u00fcmler \u00fcretmektedir.<\/p>\n<\/div><\/div>\n<\/div><\/div><\/section>\n<\/div><\/div>\n<\/div><\/div><\/section>\n\n\n\n<p><\/p>","protected":false},"excerpt":{"rendered":"","protected":false},"author":1,"featured_media":0,"parent":5260,"menu_order":0,"comment_status":"closed","ping_status":"closed","template":"template-gutentor-full-width.php","meta":{"_joinchat":[],"footnotes":""},"class_list":["post-5261","page","type-page","status-publish","hentry"],"aioseo_notices":[],"_links":{"self":[{"href":"https:\/\/butemmetal.com\/en\/wp-json\/wp\/v2\/pages\/5261","targetHints":{"allow":["GET"]}}],"collection":[{"href":"https:\/\/butemmetal.com\/en\/wp-json\/wp\/v2\/pages"}],"about":[{"href":"https:\/\/butemmetal.com\/en\/wp-json\/wp\/v2\/types\/page"}],"author":[{"embeddable":true,"href":"https:\/\/butemmetal.com\/en\/wp-json\/wp\/v2\/users\/1"}],"replies":[{"embeddable":true,"href":"https:\/\/butemmetal.com\/en\/wp-json\/wp\/v2\/comments?post=5261"}],"version-history":[{"count":9,"href":"https:\/\/butemmetal.com\/en\/wp-json\/wp\/v2\/pages\/5261\/revisions"}],"predecessor-version":[{"id":8262,"href":"https:\/\/butemmetal.com\/en\/wp-json\/wp\/v2\/pages\/5261\/revisions\/8262"}],"up":[{"embeddable":true,"href":"https:\/\/butemmetal.com\/en\/wp-json\/wp\/v2\/pages\/5260"}],"wp:attachment":[{"href":"https:\/\/butemmetal.com\/en\/wp-json\/wp\/v2\/media?parent=5261"}],"curies":[{"name":"wp","href":"https:\/\/api.w.org\/{rel}","templated":true}]}}